{"id":25,"date":"2016-04-22T17:13:59","date_gmt":"2016-04-22T17:13:59","guid":{"rendered":"http:\/\/www.estudiorolla.com.ar\/?page_id=25"},"modified":"2020-07-04T08:43:19","modified_gmt":"2020-07-04T08:43:19","slug":"estudio","status":"publish","type":"page","link":"https:\/\/www.estudiorolla.com.ar\/index.php\/estudio\/","title":{"rendered":"Estudio"},"content":{"rendered":"<p style=\"text-align: justify;\">El estudio se caracteriza por la flexibiliad para afrontar trabajos tanto de manera individual, como en alianza con diferentes equipos de trabajo, conforme lo demande cada proyecto en particular.<\/p>\n<hr \/>\n<p style=\"text-align: justify;\"><span style=\"color: #99ccff;\">Arquitecta Florencia Rolla<\/span><\/p>\n<p style=\"text-align: justify;\">Naci\u00f3 en Buenos Aires, Argentina.\u00a0 Se gradu\u00f3 de Arquitecta en la Facultad de Arquitectura, Dise\u00f1o y Urbanismo de la Universidad de Buenos Aires en el a\u00f1o 2001.\u00a0 Es graduada en posgrado en la Maestr\u00eda en Investigaci\u00f3n Hist\u00f3rica en la Universidad de San Andr\u00e9s.<\/p>\n<p style=\"text-align: justify;\">Desde el a\u00f1o 2009 trabaja en forma independiente en el desarrollo de proyectos, administraci\u00f3n y direcci\u00f3n de obras, reformas y decoraciones de viviendas particulares.\u00a0 Anteriormente form\u00f3 su experiencia laboral bajo la direcci\u00f3n de profesionales responsabilizados en obras de mediana y gran escala, tanto nacionales como extranjeros.<\/p>\n<p>Desempe\u00f1a su carrera como docente universitaria desde el a\u00f1o 2001 en la Facultad de Arquitectura, Dise\u00f1o y Urbanismo de la Universidad de Buenos Aires.<\/p>\n<p><img decoding=\"async\" loading=\"lazy\" class=\"wp-image-1050 aligncenter\" src=\"http:\/\/www.estudiorolla.com.ar\/wp-content\/uploads\/2016\/04\/177-Lower-Manhattan-Skyscraper-Museum-300x300.png\" alt=\"177-lower-manhattan-skyscraper-museum\" width=\"149\" height=\"122\" \/><\/p>\n<p style=\"text-align: center;\"><a href=\"http:\/\/www.estudiorolla.com.ar\/index.php\/cv-profesional\/\">CV Profesional<\/a>\u00a0 \u00a0\u00a0 <a style=\"text-align: left;\" href=\"http:\/\/www.estudiorolla.com.ar\/index.php\/cv-academico\/\">CV Acad\u00e9mico<\/a><\/p>\n<p><a href=\"http:\/\/www.estudiorolla.com.ar\/index.php\/remodelaciones\/\">\u00a0\u00a0\u00a0 <\/a><a href=\"http:\/\/www.estudiorolla.com.ar\/index.php\"><img decoding=\"async\" loading=\"lazy\" class=\"alignnone wp-image-199\" src=\"http:\/\/www.estudiorolla.com.ar\/wp-content\/uploads\/2016\/04\/Home-Web-150x150.png\" alt=\"Home Web\" width=\"40\" height=\"40\" \/><\/a><\/p>\n","protected":false},"excerpt":{"rendered":"<p>El estudio se caracteriza por la flexibiliad para afrontar trabajos tanto de manera individual, como en alianza con diferentes equipos de trabajo, conforme lo demande cada proyecto en particular. Arquitecta Florencia Rolla Naci\u00f3 en Buenos Aires, Argentina.\u00a0 Se gradu\u00f3 de Arquitecta en la Facultad de Arquitectura, Dise\u00f1o y Urbanismo de la Universidad de Buenos Aires&#8230;<\/p>\n","protected":false},"author":1,"featured_media":0,"parent":0,"menu_order":0,"comment_status":"closed","ping_status":"closed","template":"","meta":{"footnotes":""},"_links":{"self":[{"href":"https:\/\/www.estudiorolla.com.ar\/index.php\/wp-json\/wp\/v2\/pages\/25"}],"collection":[{"href":"https:\/\/www.estudiorolla.com.ar\/index.php\/wp-json\/wp\/v2\/pages"}],"about":[{"href":"https:\/\/www.estudiorolla.com.ar\/index.php\/wp-json\/wp\/v2\/types\/page"}],"author":[{"embeddable":true,"href":"https:\/\/www.estudiorolla.com.ar\/index.php\/wp-json\/wp\/v2\/users\/1"}],"replies":[{"embeddable":true,"href":"https:\/\/www.estudiorolla.com.ar\/index.php\/wp-json\/wp\/v2\/comments?post=25"}],"version-history":[{"count":33,"href":"https:\/\/www.estudiorolla.com.ar\/index.php\/wp-json\/wp\/v2\/pages\/25\/revisions"}],"predecessor-version":[{"id":1856,"href":"https:\/\/www.estudiorolla.com.ar\/index.php\/wp-json\/wp\/v2\/pages\/25\/revisions\/1856"}],"wp:attachment":[{"href":"https:\/\/www.estudiorolla.com.ar\/index.php\/wp-json\/wp\/v2\/media?parent=25"}],"curies":[{"name":"wp","href":"https:\/\/api.w.org\/{rel}","templated":true}]}}