{"id":467,"date":"2016-05-17T13:20:14","date_gmt":"2016-05-17T13:20:14","guid":{"rendered":"http:\/\/www.estudiorolla.com.ar\/?page_id=467"},"modified":"2022-02-23T20:15:55","modified_gmt":"2022-02-23T20:15:55","slug":"cacama10-memoria","status":"publish","type":"page","link":"http:\/\/www.estudiorolla.com.ar\/index.php\/cacama10-memoria\/","title":{"rendered":"Casa calle Casares &#8211; Martinez (2010)"},"content":{"rendered":"<p style=\"text-align: left;\"><span style=\"color: #99ccff;\">Memoria descriptiva<br \/>\n<\/span><\/p>\n<p style=\"text-align: justify;\">Esta vivienda en esquina, con algunas antiguas reformas y ampliaciones, fue remodelada acorde a las necesidades de una familia de cuatro personas.\u00a0 Esta propiedad de alrededor de 70 a\u00f1os de antig\u00fcedad segu\u00eda conservando elementos de dise\u00f1o acorde a los materiales de su \u00e9poca, como las carpinter\u00edas, la escalera en madera y cielorrasos con buena altura.\u00a0 El desaf\u00edo consisti\u00f3 en mantener los amplios espacios de estar, halls y dormitorios, interviniendo en la redistribuci\u00f3n y actualizaci\u00f3n de las \u00e1reas h\u00famedas, como la incorporaci\u00f3n de un ba\u00f1o en la planta alta y un lavadero interno en la planta baja.\u00a0 En el exterior se\u00a0 anex\u00f3 un sector semicubierto con la parrilla como espacio intermedio muy necesario, dadas las peque\u00f1as dimensiones del jard\u00edn. Este fue, asimismo, distribuido en un espacio de estar y otro de juego y unificado por la incorporaci\u00f3n de un cantero lineal.\u00a0 En este proyecto conviven materiales y terminaciones originales con otros contempor\u00e1neos sin perder la calidez de la vivienda primitiva.<\/p>\n<style type=\"text\/css\">\r\n\t#foogallery-gallery-1380 .fg-image {\r\n        width: 150px;\r\n    }\r\n<\/style>\r\n\t\t\t\t<div class=\"foogallery foogallery-container foogallery-default foogallery-lightbox-foobox fg-gutter-10 fg-center fg-default fg-light fg-shadow-outline fg-loading-default fg-loaded-fade-in fg-caption-hover fg-hover-fade fg-hover-zoom fg-ready\" id=\"foogallery-gallery-1380\" data-foogallery=\"{&quot;item&quot;:{&quot;showCaptionTitle&quot;:true,&quot;showCaptionDescription&quot;:true},&quot;lazy&quot;:true}\" >\r\n\t<div class=\"fg-item fg-type-image fg-idle\"><figure class=\"fg-item-inner\"><a href=\"http:\/\/www.estudiorolla.com.ar\/wp-content\/uploads\/2019\/11\/Cocina-1.jpg\" data-caption-title=\"Cocina\" data-attachment-id=\"1397\" class=\"fg-thumb\"><span class=\"fg-image-wrap\"><img width=\"150\" height=\"150\" class=\"skip-lazy fg-image\" data-src-fg=\"http:\/\/www.estudiorolla.com.ar\/wp-content\/uploads\/cache\/2019\/11\/Cocina-1\/2760649546.jpg\" src=\"data:image\/svg+xml,%3Csvg%20xmlns%3D%22http%3A%2F%2Fwww.w3.org%2F2000%2Fsvg%22%20width%3D%22150%22%20height%3D%22150%22%20viewBox%3D%220%200%20150%20150%22%3E%3C%2Fsvg%3E\" loading=\"eager\"><\/span><span class=\"fg-image-overlay\"><\/span><\/a><figcaption class=\"fg-caption\"><div class=\"fg-caption-inner\"><div class=\"fg-caption-title\">Cocina<\/div><\/div><\/figcaption><\/figure><div class=\"fg-loader\"><\/div><\/div><div class=\"fg-item fg-type-image fg-idle\"><figure class=\"fg-item-inner\"><a href=\"http:\/\/www.estudiorolla.com.ar\/wp-content\/uploads\/2019\/11\/Living.jpg\" data-caption-title=\"Living\" data-attachment-id=\"1392\" class=\"fg-thumb\"><span class=\"fg-image-wrap\"><img width=\"150\" height=\"150\" class=\"skip-lazy fg-image\" data-src-fg=\"http:\/\/www.estudiorolla.com.ar\/wp-content\/uploads\/cache\/2019\/11\/Living\/3704263284.jpg\" src=\"data:image\/svg+xml,%3Csvg%20xmlns%3D%22http%3A%2F%2Fwww.w3.org%2F2000%2Fsvg%22%20width%3D%22150%22%20height%3D%22150%22%20viewBox%3D%220%200%20150%20150%22%3E%3C%2Fsvg%3E\" loading=\"eager\"><\/span><span class=\"fg-image-overlay\"><\/span><\/a><figcaption class=\"fg-caption\"><div class=\"fg-caption-inner\"><div class=\"fg-caption-title\">Living<\/div><\/div><\/figcaption><\/figure><div class=\"fg-loader\"><\/div><\/div><div class=\"fg-item fg-type-image fg-idle\"><figure class=\"fg-item-inner\"><a href=\"http:\/\/www.estudiorolla.com.ar\/wp-content\/uploads\/2019\/11\/Toilette-2-1.jpg\" data-caption-title=\"Toilette\" data-attachment-id=\"1472\" class=\"fg-thumb\"><span class=\"fg-image-wrap\"><img width=\"150\" height=\"150\" class=\"skip-lazy fg-image\" data-src-fg=\"http:\/\/www.estudiorolla.com.ar\/wp-content\/uploads\/cache\/2019\/11\/Toilette-2-1\/2847904380.jpg\" src=\"data:image\/svg+xml,%3Csvg%20xmlns%3D%22http%3A%2F%2Fwww.w3.org%2F2000%2Fsvg%22%20width%3D%22150%22%20height%3D%22150%22%20viewBox%3D%220%200%20150%20150%22%3E%3C%2Fsvg%3E\" loading=\"eager\"><\/span><span class=\"fg-image-overlay\"><\/span><\/a><figcaption class=\"fg-caption\"><div class=\"fg-caption-inner\"><div class=\"fg-caption-title\">Toilette<\/div><\/div><\/figcaption><\/figure><div class=\"fg-loader\"><\/div><\/div><div class=\"fg-item fg-type-image fg-idle\"><figure class=\"fg-item-inner\"><a href=\"http:\/\/www.estudiorolla.com.ar\/wp-content\/uploads\/2019\/11\/IMG_7450-scaled.jpg\" data-caption-title=\"Ba\u00f1o principal\" data-attachment-id=\"1665\" class=\"fg-thumb\"><span class=\"fg-image-wrap\"><img width=\"150\" height=\"150\" class=\"skip-lazy fg-image\" data-src-fg=\"http:\/\/www.estudiorolla.com.ar\/wp-content\/uploads\/cache\/2019\/11\/IMG_7450-scaled\/3125785941.jpg\" src=\"data:image\/svg+xml,%3Csvg%20xmlns%3D%22http%3A%2F%2Fwww.w3.org%2F2000%2Fsvg%22%20width%3D%22150%22%20height%3D%22150%22%20viewBox%3D%220%200%20150%20150%22%3E%3C%2Fsvg%3E\" loading=\"eager\"><\/span><span class=\"fg-image-overlay\"><\/span><\/a><figcaption class=\"fg-caption\"><div class=\"fg-caption-inner\"><div class=\"fg-caption-title\">Ba\u00f1o principal<\/div><\/div><\/figcaption><\/figure><div class=\"fg-loader\"><\/div><\/div><div class=\"fg-item fg-type-image fg-idle\"><figure class=\"fg-item-inner\"><a href=\"http:\/\/www.estudiorolla.com.ar\/wp-content\/uploads\/2019\/11\/IMG_8274-scaled.jpg\" data-caption-title=\"Ba\u00f1o 2\" data-attachment-id=\"1666\" class=\"fg-thumb\"><span class=\"fg-image-wrap\"><img width=\"150\" height=\"150\" class=\"skip-lazy fg-image\" data-src-fg=\"http:\/\/www.estudiorolla.com.ar\/wp-content\/uploads\/cache\/2019\/11\/IMG_8274-scaled\/770989946.jpg\" src=\"data:image\/svg+xml,%3Csvg%20xmlns%3D%22http%3A%2F%2Fwww.w3.org%2F2000%2Fsvg%22%20width%3D%22150%22%20height%3D%22150%22%20viewBox%3D%220%200%20150%20150%22%3E%3C%2Fsvg%3E\" loading=\"eager\"><\/span><span class=\"fg-image-overlay\"><\/span><\/a><figcaption class=\"fg-caption\"><div class=\"fg-caption-inner\"><div class=\"fg-caption-title\">Ba\u00f1o 2<\/div><\/div><\/figcaption><\/figure><div class=\"fg-loader\"><\/div><\/div><div class=\"fg-item fg-type-image fg-idle\"><figure class=\"fg-item-inner\"><a href=\"http:\/\/www.estudiorolla.com.ar\/wp-content\/uploads\/2019\/11\/Ba\u00f1o-2-2.jpg\" data-caption-title=\"Ba\u00f1o 2\" data-attachment-id=\"1469\" class=\"fg-thumb\"><span class=\"fg-image-wrap\"><img width=\"150\" height=\"150\" class=\"skip-lazy fg-image\" data-src-fg=\"http:\/\/www.estudiorolla.com.ar\/wp-content\/uploads\/cache\/2019\/11\/Ba\u00f1o-2-2\/2807946664.jpg\" src=\"data:image\/svg+xml,%3Csvg%20xmlns%3D%22http%3A%2F%2Fwww.w3.org%2F2000%2Fsvg%22%20width%3D%22150%22%20height%3D%22150%22%20viewBox%3D%220%200%20150%20150%22%3E%3C%2Fsvg%3E\" loading=\"eager\"><\/span><span class=\"fg-image-overlay\"><\/span><\/a><figcaption class=\"fg-caption\"><div class=\"fg-caption-inner\"><div class=\"fg-caption-title\">Ba\u00f1o 2<\/div><\/div><\/figcaption><\/figure><div class=\"fg-loader\"><\/div><\/div><div class=\"fg-item fg-type-image fg-idle\"><figure class=\"fg-item-inner\"><a href=\"http:\/\/www.estudiorolla.com.ar\/wp-content\/uploads\/2019\/11\/Deck.jpg\" data-caption-title=\"Deck\" data-attachment-id=\"1470\" class=\"fg-thumb\"><span class=\"fg-image-wrap\"><img width=\"150\" height=\"150\" class=\"skip-lazy fg-image\" data-src-fg=\"http:\/\/www.estudiorolla.com.ar\/wp-content\/uploads\/cache\/2019\/11\/Deck\/3099489636.jpg\" src=\"data:image\/svg+xml,%3Csvg%20xmlns%3D%22http%3A%2F%2Fwww.w3.org%2F2000%2Fsvg%22%20width%3D%22150%22%20height%3D%22150%22%20viewBox%3D%220%200%20150%20150%22%3E%3C%2Fsvg%3E\" loading=\"eager\"><\/span><span class=\"fg-image-overlay\"><\/span><\/a><figcaption class=\"fg-caption\"><div class=\"fg-caption-inner\"><div class=\"fg-caption-title\">Deck<\/div><\/div><\/figcaption><\/figure><div class=\"fg-loader\"><\/div><\/div><\/div>\r\n\n<p style=\"text-align: left;\"><a href=\"http:\/\/www.estudiorolla.com.ar\/index.php\/cacama10-planos\/\">Ver planos<\/a><\/p>\n<p><a href=\"http:\/\/www.estudiorolla.com.ar\/index.php\/remodelaciones\/\">\u00a0\u00a0\u00a0\u00a0<\/a><a href=\"http:\/\/www.estudiorolla.com.ar\/index.php\"><img decoding=\"async\" loading=\"lazy\" class=\"alignnone wp-image-199\" src=\"http:\/\/www.estudiorolla.com.ar\/wp-content\/uploads\/2016\/04\/Home-Web-150x150.png\" alt=\"Home Web\" width=\"40\" height=\"40\" \/><\/a><a href=\"http:\/\/www.estudiorolla.com.ar\/index.php\/remodelaciones\/\">\u00a0\u00a0\u00a0\u00a0\u00a0 <\/a><a href=\"http:\/\/www.estudiorolla.com.ar\/index.php\/remodelaciones\/\"><img decoding=\"async\" loading=\"lazy\" class=\"alignnone wp-image-222\" src=\"http:\/\/www.estudiorolla.com.ar\/wp-content\/uploads\/2016\/04\/Arrow-Web-e1462464811387-150x150.png\" alt=\"Arrow Web\" width=\"40\" height=\"40\" \/><\/a><\/p>\n","protected":false},"excerpt":{"rendered":"<p>Memoria descriptiva Esta vivienda en esquina, con algunas antiguas reformas y ampliaciones, fue remodelada acorde a las necesidades de una familia de cuatro personas.\u00a0 Esta propiedad de alrededor de 70 a\u00f1os de antig\u00fcedad segu\u00eda conservando elementos de dise\u00f1o acorde a los materiales de su \u00e9poca, como las carpinter\u00edas, la escalera en madera y cielorrasos con&#8230;<\/p>\n","protected":false},"author":1,"featured_media":0,"parent":0,"menu_order":0,"comment_status":"closed","ping_status":"closed","template":"","meta":{"footnotes":""},"_links":{"self":[{"href":"http:\/\/www.estudiorolla.com.ar\/index.php\/wp-json\/wp\/v2\/pages\/467"}],"collection":[{"href":"http:\/\/www.estudiorolla.com.ar\/index.php\/wp-json\/wp\/v2\/pages"}],"about":[{"href":"http:\/\/www.estudiorolla.com.ar\/index.php\/wp-json\/wp\/v2\/types\/page"}],"author":[{"embeddable":true,"href":"http:\/\/www.estudiorolla.com.ar\/index.php\/wp-json\/wp\/v2\/users\/1"}],"replies":[{"embeddable":true,"href":"http:\/\/www.estudiorolla.com.ar\/index.php\/wp-json\/wp\/v2\/comments?post=467"}],"version-history":[{"count":20,"href":"http:\/\/www.estudiorolla.com.ar\/index.php\/wp-json\/wp\/v2\/pages\/467\/revisions"}],"predecessor-version":[{"id":1877,"href":"http:\/\/www.estudiorolla.com.ar\/index.php\/wp-json\/wp\/v2\/pages\/467\/revisions\/1877"}],"wp:attachment":[{"href":"http:\/\/www.estudiorolla.com.ar\/index.php\/wp-json\/wp\/v2\/media?parent=467"}],"curies":[{"name":"wp","href":"https:\/\/api.w.org\/{rel}","templated":true}]}}