{"id":321,"date":"2016-05-11T17:28:49","date_gmt":"2016-05-11T17:28:49","guid":{"rendered":"http:\/\/www.estudiorolla.com.ar\/?page_id=321"},"modified":"2022-02-23T20:31:08","modified_gmt":"2022-02-23T20:31:08","slug":"caalsi10m","status":"publish","type":"page","link":"http:\/\/www.estudiorolla.com.ar\/index.php\/caalsi10m\/","title":{"rendered":"Casa calle Alem &#8211; San Isidro (2010)"},"content":{"rendered":"<p><span style=\"color: #99ccff;\">Memoria descriptiva<br \/>\n<\/span><\/p>\n<p style=\"text-align: justify;\">En el coraz\u00f3n de una manzana c\u00e9ntrica de San Isidro se alza esta vivienda con gran jard\u00edn y pileta. En el exterior hab\u00eda una parrilla y unos gabinetes de guardado sin ning\u00fan tipo de cohesi\u00f3n entre s\u00ed. Los propietarios, una pareja joven con un hijo y otro en camino, quer\u00edan unificar el sector de la parrilla con el agregado de un lavadero cubierto y una barra. Todo ello se logr\u00f3 con la integraci\u00f3n de los elementos sueltos bajo un gran techo vidriado que protege el conjunto. En la planta alta el ba\u00f1o estaba desactualizado y uno de los dormitorios se usaba como vestidor anexado al dormitorio principal. La redistribuci\u00f3n de los dormitorios para ambos hijos con el agregado de lugares de guardado para el dormitorio principal hicieron de la casa un hogar apto para cuatro personas.<\/p>\n<style type=\"text\/css\">\r\n\t#foogallery-gallery-1352 .fg-image {\r\n        width: 150px;\r\n    }\r\n<\/style>\r\n\t\t\t\t<div class=\"foogallery foogallery-container foogallery-default foogallery-lightbox-foobox fg-gutter-10 fg-center fg-default fg-light fg-shadow-outline fg-loading-default fg-loaded-fade-in fg-caption-hover fg-hover-fade fg-hover-zoom fg-ready\" id=\"foogallery-gallery-1352\" data-foogallery=\"{&quot;item&quot;:{&quot;showCaptionTitle&quot;:true,&quot;showCaptionDescription&quot;:true},&quot;lazy&quot;:true}\" >\r\n\t<div class=\"fg-item fg-type-image fg-idle\"><figure class=\"fg-item-inner\"><a href=\"http:\/\/www.estudiorolla.com.ar\/wp-content\/uploads\/2019\/11\/Quincho.jpg\" data-caption-title=\"Quincho\" data-attachment-id=\"1355\" class=\"fg-thumb\"><span class=\"fg-image-wrap\"><img width=\"150\" height=\"150\" class=\"skip-lazy fg-image\" data-src-fg=\"http:\/\/www.estudiorolla.com.ar\/wp-content\/uploads\/cache\/2019\/11\/Quincho\/2134307379.jpg\" src=\"data:image\/svg+xml,%3Csvg%20xmlns%3D%22http%3A%2F%2Fwww.w3.org%2F2000%2Fsvg%22%20width%3D%22150%22%20height%3D%22150%22%20viewBox%3D%220%200%20150%20150%22%3E%3C%2Fsvg%3E\" loading=\"eager\"><\/span><span class=\"fg-image-overlay\"><\/span><\/a><figcaption class=\"fg-caption\"><div class=\"fg-caption-inner\"><div class=\"fg-caption-title\">Quincho<\/div><\/div><\/figcaption><\/figure><div class=\"fg-loader\"><\/div><\/div><div class=\"fg-item fg-type-image fg-idle\"><figure class=\"fg-item-inner\"><a href=\"http:\/\/www.estudiorolla.com.ar\/wp-content\/uploads\/2019\/11\/Quincho-2.jpg\" data-caption-title=\"Quincho\" data-attachment-id=\"1354\" class=\"fg-thumb\"><span class=\"fg-image-wrap\"><img width=\"150\" height=\"150\" class=\"skip-lazy fg-image\" data-src-fg=\"http:\/\/www.estudiorolla.com.ar\/wp-content\/uploads\/cache\/2019\/11\/Quincho-2\/840927725.jpg\" src=\"data:image\/svg+xml,%3Csvg%20xmlns%3D%22http%3A%2F%2Fwww.w3.org%2F2000%2Fsvg%22%20width%3D%22150%22%20height%3D%22150%22%20viewBox%3D%220%200%20150%20150%22%3E%3C%2Fsvg%3E\" loading=\"eager\"><\/span><span class=\"fg-image-overlay\"><\/span><\/a><figcaption class=\"fg-caption\"><div class=\"fg-caption-inner\"><div class=\"fg-caption-title\">Quincho<\/div><\/div><\/figcaption><\/figure><div class=\"fg-loader\"><\/div><\/div><div class=\"fg-item fg-type-image fg-idle\"><figure class=\"fg-item-inner\"><a href=\"http:\/\/www.estudiorolla.com.ar\/wp-content\/uploads\/2019\/11\/Dormitorio-principal.jpg\" data-caption-title=\"Dormitorio principal\" data-attachment-id=\"1357\" class=\"fg-thumb\"><span class=\"fg-image-wrap\"><img width=\"150\" height=\"150\" class=\"skip-lazy fg-image\" data-src-fg=\"http:\/\/www.estudiorolla.com.ar\/wp-content\/uploads\/cache\/2019\/11\/Dormitorio-principal\/365355278.jpg\" src=\"data:image\/svg+xml,%3Csvg%20xmlns%3D%22http%3A%2F%2Fwww.w3.org%2F2000%2Fsvg%22%20width%3D%22150%22%20height%3D%22150%22%20viewBox%3D%220%200%20150%20150%22%3E%3C%2Fsvg%3E\" loading=\"eager\"><\/span><span class=\"fg-image-overlay\"><\/span><\/a><figcaption class=\"fg-caption\"><div class=\"fg-caption-inner\"><div class=\"fg-caption-title\">Dormitorio principal<\/div><\/div><\/figcaption><\/figure><div class=\"fg-loader\"><\/div><\/div><div class=\"fg-item fg-type-image fg-idle\"><figure class=\"fg-item-inner\"><a href=\"http:\/\/www.estudiorolla.com.ar\/wp-content\/uploads\/2019\/11\/DSC04485-scaled.jpg\" data-caption-title=\"Dormitorio principal\" data-attachment-id=\"1659\" class=\"fg-thumb\"><span class=\"fg-image-wrap\"><img width=\"150\" height=\"150\" class=\"skip-lazy fg-image\" data-src-fg=\"http:\/\/www.estudiorolla.com.ar\/wp-content\/uploads\/cache\/2019\/11\/DSC04485-scaled\/3227304842.jpg\" src=\"data:image\/svg+xml,%3Csvg%20xmlns%3D%22http%3A%2F%2Fwww.w3.org%2F2000%2Fsvg%22%20width%3D%22150%22%20height%3D%22150%22%20viewBox%3D%220%200%20150%20150%22%3E%3C%2Fsvg%3E\" loading=\"eager\"><\/span><span class=\"fg-image-overlay\"><\/span><\/a><figcaption class=\"fg-caption\"><div class=\"fg-caption-inner\"><div class=\"fg-caption-title\">Dormitorio principal<\/div><\/div><\/figcaption><\/figure><div class=\"fg-loader\"><\/div><\/div><div class=\"fg-item fg-type-image fg-idle\"><figure class=\"fg-item-inner\"><a href=\"http:\/\/www.estudiorolla.com.ar\/wp-content\/uploads\/2019\/11\/Toilette.jpg\" data-caption-title=\"Ba\u00f1o\" data-attachment-id=\"1356\" class=\"fg-thumb\"><span class=\"fg-image-wrap\"><img width=\"150\" height=\"150\" class=\"skip-lazy fg-image\" data-src-fg=\"http:\/\/www.estudiorolla.com.ar\/wp-content\/uploads\/cache\/2019\/11\/Toilette\/402294044.jpg\" src=\"data:image\/svg+xml,%3Csvg%20xmlns%3D%22http%3A%2F%2Fwww.w3.org%2F2000%2Fsvg%22%20width%3D%22150%22%20height%3D%22150%22%20viewBox%3D%220%200%20150%20150%22%3E%3C%2Fsvg%3E\" loading=\"eager\"><\/span><span class=\"fg-image-overlay\"><\/span><\/a><figcaption class=\"fg-caption\"><div class=\"fg-caption-inner\"><div class=\"fg-caption-title\">Ba\u00f1o<\/div><\/div><\/figcaption><\/figure><div class=\"fg-loader\"><\/div><\/div><\/div>\r\n\n<p><a href=\"http:\/\/www.estudiorolla.com.ar\/index.php\/caalsi10p\/\">Ver planos<\/a><\/p>\n<p><a href=\"http:\/\/www.estudiorolla.com.ar\/index.php\/remodelaciones\/\">\u00a0\u00a0\u00a0\u00a0<\/a><a href=\"http:\/\/www.estudiorolla.com.ar\/index.php\"><img decoding=\"async\" loading=\"lazy\" class=\"alignnone wp-image-199\" src=\"http:\/\/www.estudiorolla.com.ar\/wp-content\/uploads\/2016\/04\/Home-Web-150x150.png\" alt=\"Home Web\" width=\"40\" height=\"40\" \/><\/a><a href=\"http:\/\/www.estudiorolla.com.ar\/index.php\/remodelaciones\/\">\u00a0\u00a0\u00a0\u00a0\u00a0 <\/a><a href=\"http:\/\/www.estudiorolla.com.ar\/index.php\/remodelaciones\/\"><img decoding=\"async\" loading=\"lazy\" class=\"alignnone wp-image-222\" src=\"http:\/\/www.estudiorolla.com.ar\/wp-content\/uploads\/2016\/04\/Arrow-Web-e1462464811387-150x150.png\" alt=\"Arrow Web\" width=\"40\" height=\"40\" \/><\/a><\/p>\n","protected":false},"excerpt":{"rendered":"<p>Memoria descriptiva En el coraz\u00f3n de una manzana c\u00e9ntrica de San Isidro se alza esta vivienda con gran jard\u00edn y pileta. En el exterior hab\u00eda una parrilla y unos gabinetes de guardado sin ning\u00fan tipo de cohesi\u00f3n entre s\u00ed. Los propietarios, una pareja joven con un hijo y otro en camino, quer\u00edan unificar el sector&#8230;<\/p>\n","protected":false},"author":1,"featured_media":0,"parent":0,"menu_order":0,"comment_status":"closed","ping_status":"closed","template":"","meta":{"footnotes":""},"_links":{"self":[{"href":"http:\/\/www.estudiorolla.com.ar\/index.php\/wp-json\/wp\/v2\/pages\/321"}],"collection":[{"href":"http:\/\/www.estudiorolla.com.ar\/index.php\/wp-json\/wp\/v2\/pages"}],"about":[{"href":"http:\/\/www.estudiorolla.com.ar\/index.php\/wp-json\/wp\/v2\/types\/page"}],"author":[{"embeddable":true,"href":"http:\/\/www.estudiorolla.com.ar\/index.php\/wp-json\/wp\/v2\/users\/1"}],"replies":[{"embeddable":true,"href":"http:\/\/www.estudiorolla.com.ar\/index.php\/wp-json\/wp\/v2\/comments?post=321"}],"version-history":[{"count":10,"href":"http:\/\/www.estudiorolla.com.ar\/index.php\/wp-json\/wp\/v2\/pages\/321\/revisions"}],"predecessor-version":[{"id":1912,"href":"http:\/\/www.estudiorolla.com.ar\/index.php\/wp-json\/wp\/v2\/pages\/321\/revisions\/1912"}],"wp:attachment":[{"href":"http:\/\/www.estudiorolla.com.ar\/index.php\/wp-json\/wp\/v2\/media?parent=321"}],"curies":[{"name":"wp","href":"https:\/\/api.w.org\/{rel}","templated":true}]}}