{"id":296,"date":"2016-05-11T15:37:38","date_gmt":"2016-05-11T15:37:38","guid":{"rendered":"http:\/\/www.estudiorolla.com.ar\/?page_id=296"},"modified":"2022-02-23T20:31:31","modified_gmt":"2022-02-23T20:31:31","slug":"caarca11m","status":"publish","type":"page","link":"http:\/\/www.estudiorolla.com.ar\/index.php\/caarca11m\/","title":{"rendered":"Casa calle Aranguren &#8211; Caballito (2011)"},"content":{"rendered":"<p><span style=\"color: #99ccff;\">Memoria descriptiva<br \/>\n<\/span><\/p>\n<p style=\"text-align: justify;\">El sector trasero de esta vivienda hab\u00eda sufrido unas modificaciones anteriores que permitieron incorporar el comedor con salida al jard\u00edn. A pesar de ello ese espacio hab\u00eda quedado m\u00e1s af\u00edn a un quincho que un comedor y el exterior no armonizaba con la fachada del contrafrente de la casa. Por otro lado, a la cocina que se encuentra a un nivel por debajo del patio y jard\u00edn le faltaba amplitud e iluminaci\u00f3n por el lavadero. El reto fue darle a la cocina las caracter\u00edsticas que carec\u00eda, sin perder el lavadero, e incorporarle una isla que sirviese adem\u00e1s como desayunador. El sector del quincho fue transformado en un comedor disimulando la parrilla con puertas abajo en madera natural y una puerta de chapa pintada cubriendo la boca. Adem\u00e1s se incorpor\u00f3 un sector de barra y mesada formando un conjunto con la parrilla. El exterior del volumen fue modificado para tapar el techo en pendiente y terminado con revestimiento texturado. El patio fue cubierto con un techo de vidrio que agreg\u00f3 un espacio exterior semicubierto de gran uso.<\/p>\n\t\t\t<style>\r\n                #foogallery-gallery-1360.fg-masonry .fg-item {\r\n                    width: 150px;\r\n                    margin-right: 10px;\r\n                    margin-bottom: 10px;\r\n                }\r\n\t\t\t<\/style>\r\n\t\t\t<div class=\"foogallery foogallery-container foogallery-masonry foogallery-lightbox-foobox fg-center fg-masonry fg-light fg-shadow-outline fg-loading-bars fg-loaded-fade-in fg-caption-hover fg-hover-fade fg-hover-zoom3 fg-ready fg-fixed\" id=\"foogallery-gallery-1360\" data-foogallery=\"{&quot;item&quot;:{&quot;showCaptionTitle&quot;:true,&quot;showCaptionDescription&quot;:true},&quot;lazy&quot;:true,&quot;template&quot;:{&quot;columnWidth&quot;:150,&quot;gutter&quot;:10}}\" >\r\n\t\t<div class=\"fg-item fg-type-image fg-idle\"><figure class=\"fg-item-inner\"><a href=\"http:\/\/www.estudiorolla.com.ar\/wp-content\/uploads\/2019\/11\/Casa-en-Caballito-2011-1-13x18.jpg\" data-caption-title=\"Galer\u00eda\" data-attachment-id=\"1361\" class=\"fg-thumb\"><span class=\"fg-image-wrap\"><img width=\"150\" height=\"108\" class=\"skip-lazy fg-image\" data-src-fg=\"http:\/\/www.estudiorolla.com.ar\/wp-content\/uploads\/cache\/2019\/11\/Casa-en-Caballito-2011-1-13x18\/3209502162.jpg\" src=\"data:image\/svg+xml,%3Csvg%20xmlns%3D%22http%3A%2F%2Fwww.w3.org%2F2000%2Fsvg%22%20width%3D%22150%22%20height%3D%22108%22%20viewBox%3D%220%200%20150%20108%22%3E%3C%2Fsvg%3E\" loading=\"eager\"><\/span><span class=\"fg-image-overlay\"><\/span><\/a><figcaption class=\"fg-caption\"><div class=\"fg-caption-inner\"><div class=\"fg-caption-title\">Galer\u00eda<\/div><\/div><\/figcaption><\/figure><div class=\"fg-loader\"><\/div><\/div><div class=\"fg-item fg-type-image fg-idle\"><figure class=\"fg-item-inner\"><a href=\"http:\/\/www.estudiorolla.com.ar\/wp-content\/uploads\/2019\/11\/Jardin.jpg\" data-caption-title=\"Jardin\" data-attachment-id=\"1481\" class=\"fg-thumb\"><span class=\"fg-image-wrap\"><img width=\"150\" height=\"108\" class=\"skip-lazy fg-image\" data-src-fg=\"http:\/\/www.estudiorolla.com.ar\/wp-content\/uploads\/cache\/2019\/11\/Jardin\/94744741.jpg\" src=\"data:image\/svg+xml,%3Csvg%20xmlns%3D%22http%3A%2F%2Fwww.w3.org%2F2000%2Fsvg%22%20width%3D%22150%22%20height%3D%22108%22%20viewBox%3D%220%200%20150%20108%22%3E%3C%2Fsvg%3E\" loading=\"eager\"><\/span><span class=\"fg-image-overlay\"><\/span><\/a><figcaption class=\"fg-caption\"><div class=\"fg-caption-inner\"><div class=\"fg-caption-title\">Jardin<\/div><\/div><\/figcaption><\/figure><div class=\"fg-loader\"><\/div><\/div><div class=\"fg-item fg-type-image fg-idle\"><figure class=\"fg-item-inner\"><a href=\"http:\/\/www.estudiorolla.com.ar\/wp-content\/uploads\/2019\/11\/Casa-en-Caballito-2011-3-13x18.jpg\" data-caption-title=\"Cocina\" data-attachment-id=\"1363\" class=\"fg-thumb\"><span class=\"fg-image-wrap\"><img width=\"150\" height=\"108\" class=\"skip-lazy fg-image\" data-src-fg=\"http:\/\/www.estudiorolla.com.ar\/wp-content\/uploads\/cache\/2019\/11\/Casa-en-Caballito-2011-3-13x18\/4149254148.jpg\" src=\"data:image\/svg+xml,%3Csvg%20xmlns%3D%22http%3A%2F%2Fwww.w3.org%2F2000%2Fsvg%22%20width%3D%22150%22%20height%3D%22108%22%20viewBox%3D%220%200%20150%20108%22%3E%3C%2Fsvg%3E\" loading=\"eager\"><\/span><span class=\"fg-image-overlay\"><\/span><\/a><figcaption class=\"fg-caption\"><div class=\"fg-caption-inner\"><div class=\"fg-caption-title\">Cocina<\/div><\/div><\/figcaption><\/figure><div class=\"fg-loader\"><\/div><\/div><div class=\"fg-item fg-type-image fg-idle\"><figure class=\"fg-item-inner\"><a href=\"http:\/\/www.estudiorolla.com.ar\/wp-content\/uploads\/2019\/11\/Casa-en-Caballito-2011-4-13x18.jpg\" data-caption-title=\"Cocina\" data-attachment-id=\"1364\" class=\"fg-thumb\"><span class=\"fg-image-wrap\"><img width=\"150\" height=\"108\" class=\"skip-lazy fg-image\" data-src-fg=\"http:\/\/www.estudiorolla.com.ar\/wp-content\/uploads\/cache\/2019\/11\/Casa-en-Caballito-2011-4-13x18\/192468117.jpg\" src=\"data:image\/svg+xml,%3Csvg%20xmlns%3D%22http%3A%2F%2Fwww.w3.org%2F2000%2Fsvg%22%20width%3D%22150%22%20height%3D%22108%22%20viewBox%3D%220%200%20150%20108%22%3E%3C%2Fsvg%3E\" loading=\"eager\"><\/span><span class=\"fg-image-overlay\"><\/span><\/a><figcaption class=\"fg-caption\"><div class=\"fg-caption-inner\"><div class=\"fg-caption-title\">Cocina<\/div><\/div><\/figcaption><\/figure><div class=\"fg-loader\"><\/div><\/div><div class=\"fg-item fg-type-image fg-idle\"><figure class=\"fg-item-inner\"><a href=\"http:\/\/www.estudiorolla.com.ar\/wp-content\/uploads\/2019\/11\/Casa-en-Caballito-2011-2-13x18.jpg\" data-caption-title=\"Sector parrilla\" data-attachment-id=\"1362\" class=\"fg-thumb\"><span class=\"fg-image-wrap\"><img width=\"150\" height=\"108\" class=\"skip-lazy fg-image\" data-src-fg=\"http:\/\/www.estudiorolla.com.ar\/wp-content\/uploads\/cache\/2019\/11\/Casa-en-Caballito-2011-2-13x18\/3546176239.jpg\" src=\"data:image\/svg+xml,%3Csvg%20xmlns%3D%22http%3A%2F%2Fwww.w3.org%2F2000%2Fsvg%22%20width%3D%22150%22%20height%3D%22108%22%20viewBox%3D%220%200%20150%20108%22%3E%3C%2Fsvg%3E\" loading=\"eager\"><\/span><span class=\"fg-image-overlay\"><\/span><\/a><figcaption class=\"fg-caption\"><div class=\"fg-caption-inner\"><div class=\"fg-caption-title\">Sector parrilla<\/div><\/div><\/figcaption><\/figure><div class=\"fg-loader\"><\/div><\/div><div class=\"fg-item fg-type-image fg-idle\"><figure class=\"fg-item-inner\"><a href=\"http:\/\/www.estudiorolla.com.ar\/wp-content\/uploads\/2019\/11\/Sector-parrilla-1.jpg\" data-caption-title=\"Sector parrilla\" data-attachment-id=\"1366\" class=\"fg-thumb\"><span class=\"fg-image-wrap\"><img width=\"150\" height=\"108\" class=\"skip-lazy fg-image\" data-src-fg=\"http:\/\/www.estudiorolla.com.ar\/wp-content\/uploads\/cache\/2019\/11\/Sector-parrilla-1\/646720737.jpg\" src=\"data:image\/svg+xml,%3Csvg%20xmlns%3D%22http%3A%2F%2Fwww.w3.org%2F2000%2Fsvg%22%20width%3D%22150%22%20height%3D%22108%22%20viewBox%3D%220%200%20150%20108%22%3E%3C%2Fsvg%3E\" loading=\"eager\"><\/span><span class=\"fg-image-overlay\"><\/span><\/a><figcaption class=\"fg-caption\"><div class=\"fg-caption-inner\"><div class=\"fg-caption-title\">Sector parrilla<\/div><\/div><\/figcaption><\/figure><div class=\"fg-loader\"><\/div><\/div><\/div>\n<p><a href=\"http:\/\/www.estudiorolla.com.ar\/index.php\/caarca11p\/\">Ver planos\u00a0<\/a><\/p>\n<p><a href=\"http:\/\/www.estudiorolla.com.ar\/index.php\/remodelaciones\/\">\u00a0\u00a0\u00a0\u00a0<\/a><a href=\"http:\/\/www.estudiorolla.com.ar\/index.php\"><img decoding=\"async\" loading=\"lazy\" class=\"alignnone wp-image-199\" src=\"http:\/\/www.estudiorolla.com.ar\/wp-content\/uploads\/2016\/04\/Home-Web-150x150.png\" alt=\"Home Web\" width=\"40\" height=\"40\" \/><\/a><a href=\"http:\/\/www.estudiorolla.com.ar\/index.php\/remodelaciones\/\">\u00a0\u00a0\u00a0\u00a0\u00a0 <\/a><a href=\"http:\/\/www.estudiorolla.com.ar\/index.php\/remodelaciones\/\"><img decoding=\"async\" loading=\"lazy\" class=\"alignnone wp-image-222\" src=\"http:\/\/www.estudiorolla.com.ar\/wp-content\/uploads\/2016\/04\/Arrow-Web-e1462464811387-150x150.png\" alt=\"Arrow Web\" width=\"40\" height=\"40\" \/><\/a><\/p>\n","protected":false},"excerpt":{"rendered":"<p>Memoria descriptiva El sector trasero de esta vivienda hab\u00eda sufrido unas modificaciones anteriores que permitieron incorporar el comedor con salida al jard\u00edn. A pesar de ello ese espacio hab\u00eda quedado m\u00e1s af\u00edn a un quincho que un comedor y el exterior no armonizaba con la fachada del contrafrente de la casa. Por otro lado, a&#8230;<\/p>\n","protected":false},"author":1,"featured_media":0,"parent":0,"menu_order":0,"comment_status":"closed","ping_status":"closed","template":"","meta":{"footnotes":""},"_links":{"self":[{"href":"http:\/\/www.estudiorolla.com.ar\/index.php\/wp-json\/wp\/v2\/pages\/296"}],"collection":[{"href":"http:\/\/www.estudiorolla.com.ar\/index.php\/wp-json\/wp\/v2\/pages"}],"about":[{"href":"http:\/\/www.estudiorolla.com.ar\/index.php\/wp-json\/wp\/v2\/types\/page"}],"author":[{"embeddable":true,"href":"http:\/\/www.estudiorolla.com.ar\/index.php\/wp-json\/wp\/v2\/users\/1"}],"replies":[{"embeddable":true,"href":"http:\/\/www.estudiorolla.com.ar\/index.php\/wp-json\/wp\/v2\/comments?post=296"}],"version-history":[{"count":11,"href":"http:\/\/www.estudiorolla.com.ar\/index.php\/wp-json\/wp\/v2\/pages\/296\/revisions"}],"predecessor-version":[{"id":1914,"href":"http:\/\/www.estudiorolla.com.ar\/index.php\/wp-json\/wp\/v2\/pages\/296\/revisions\/1914"}],"wp:attachment":[{"href":"http:\/\/www.estudiorolla.com.ar\/index.php\/wp-json\/wp\/v2\/media?parent=296"}],"curies":[{"name":"wp","href":"https:\/\/api.w.org\/{rel}","templated":true}]}}