{"id":2001,"date":"2022-03-01T15:21:04","date_gmt":"2022-03-01T15:21:04","guid":{"rendered":"http:\/\/www.estudiorolla.com.ar\/?page_id=2001"},"modified":"2022-03-01T15:23:11","modified_gmt":"2022-03-01T15:23:11","slug":"depto-calle-avellaneda-san-isidro-2021-3","status":"publish","type":"page","link":"http:\/\/www.estudiorolla.com.ar\/index.php\/depto-calle-avellaneda-san-isidro-2021-3\/","title":{"rendered":"Depto. calle Avellaneda &#8211; San Isidro (2021)"},"content":{"rendered":"<p style=\"text-align: left;\"><span style=\"color: #99ccff;\">Memoria descriptiva<br \/>\n<\/span><\/p>\n<p style=\"text-align: justify;\">En este departamento en planta baja, dentro de un complejo de viviendas, vive una familia con 3 hijos adolecentes. Tanto el ba\u00f1o de los hijos como el ba\u00f1o principal estaban un poco desactualizados y, adem\u00e1s, el ba\u00f1o de servicio quer\u00eda ser usado por uno de los hijos. Utilizando los mismos materiales pero de forma diferente, los 3 ba\u00f1os fueron dise\u00f1ados seg\u00fan los requerimientos particulares de cada uno. En todos ellos se pensaron los lugares de guardado, como los nichos en paredes, como en el impacto de las terminaciones y objetos elegidos. Con tonos dentro de los colores tostados se colocaron pocellanatos simil madera en los pisos y dentro de la ducha se extendi\u00f3 en la pared con la grifer\u00eda. Los muebles enchapados en madera natural de guatamb\u00fa con la mesada con bacha incorporada en cuarzo color manteca brindaron luminosidad. Por otro lado los detalles en negro, tanto en las grifer\u00edas, accesorios, como en los herrajes de las mamparas, aportaron un contraste equilibrado que impacta en la totalidad del espacio.<\/p>\n<p><code id=\"envira_shortcode_1305\"><style type=\"text\/css\">\r\n\t#foogallery-gallery-1926 .fg-image {\r\n        width: 150px;\r\n    }\r\n<\/style>\r\n\t\t\t\t<div class=\"foogallery foogallery-container foogallery-default foogallery-lightbox-foobox fg-gutter-10 fg-center fg-default fg-light fg-shadow-outline fg-loading-default fg-loaded-fade-in fg-caption-hover fg-hover-fade fg-hover-zoom fg-ready\" id=\"foogallery-gallery-1926\" data-foogallery=\"{&quot;item&quot;:{&quot;showCaptionTitle&quot;:true,&quot;showCaptionDescription&quot;:true},&quot;lazy&quot;:true}\" >\r\n\t<div class=\"fg-item fg-type-image fg-idle\"><figure class=\"fg-item-inner\"><a href=\"http:\/\/www.estudiorolla.com.ar\/wp-content\/uploads\/2022\/02\/Ba\u00f1o-principal.jpg\" data-caption-title=\"Ba\u00f1o principal\" data-attachment-id=\"1930\" class=\"fg-thumb\"><span class=\"fg-image-wrap\"><img width=\"150\" height=\"150\" class=\"skip-lazy fg-image\" data-src-fg=\"http:\/\/www.estudiorolla.com.ar\/wp-content\/uploads\/cache\/2022\/02\/Ba\u00f1o-principal\/4211927295.jpg\" src=\"data:image\/svg+xml,%3Csvg%20xmlns%3D%22http%3A%2F%2Fwww.w3.org%2F2000%2Fsvg%22%20width%3D%22150%22%20height%3D%22150%22%20viewBox%3D%220%200%20150%20150%22%3E%3C%2Fsvg%3E\" loading=\"eager\"><\/span><span class=\"fg-image-overlay\"><\/span><\/a><figcaption class=\"fg-caption\"><div class=\"fg-caption-inner\"><div class=\"fg-caption-title\">Ba\u00f1o principal<\/div><\/div><\/figcaption><\/figure><div class=\"fg-loader\"><\/div><\/div><div class=\"fg-item fg-type-image fg-idle\"><figure class=\"fg-item-inner\"><a href=\"http:\/\/www.estudiorolla.com.ar\/wp-content\/uploads\/2022\/02\/Ba\u00f1o-hijos-scaled-e1647364870453.jpg\" data-caption-title=\"Ba\u00f1o hijos\" data-attachment-id=\"1929\" class=\"fg-thumb\"><span class=\"fg-image-wrap\"><img width=\"150\" height=\"150\" class=\"skip-lazy fg-image\" data-src-fg=\"http:\/\/www.estudiorolla.com.ar\/wp-content\/uploads\/cache\/2022\/02\/Ba\u00f1o-hijos-scaled-e1647364870453\/1810681745.jpg\" src=\"data:image\/svg+xml,%3Csvg%20xmlns%3D%22http%3A%2F%2Fwww.w3.org%2F2000%2Fsvg%22%20width%3D%22150%22%20height%3D%22150%22%20viewBox%3D%220%200%20150%20150%22%3E%3C%2Fsvg%3E\" loading=\"eager\"><\/span><span class=\"fg-image-overlay\"><\/span><\/a><figcaption class=\"fg-caption\"><div class=\"fg-caption-inner\"><div class=\"fg-caption-title\">Ba\u00f1o hijos<\/div><\/div><\/figcaption><\/figure><div class=\"fg-loader\"><\/div><\/div><div class=\"fg-item fg-type-image fg-idle\"><figure class=\"fg-item-inner\"><a href=\"http:\/\/www.estudiorolla.com.ar\/wp-content\/uploads\/2022\/02\/Ba\u00f1o-servicio.jpg\" data-caption-title=\"Ba\u00f1o servicio\" data-attachment-id=\"1931\" class=\"fg-thumb\"><span class=\"fg-image-wrap\"><img width=\"150\" height=\"150\" class=\"skip-lazy fg-image\" data-src-fg=\"http:\/\/www.estudiorolla.com.ar\/wp-content\/uploads\/cache\/2022\/02\/Ba\u00f1o-servicio\/158328098.jpg\" src=\"data:image\/svg+xml,%3Csvg%20xmlns%3D%22http%3A%2F%2Fwww.w3.org%2F2000%2Fsvg%22%20width%3D%22150%22%20height%3D%22150%22%20viewBox%3D%220%200%20150%20150%22%3E%3C%2Fsvg%3E\" loading=\"eager\"><\/span><span class=\"fg-image-overlay\"><\/span><\/a><figcaption class=\"fg-caption\"><div class=\"fg-caption-inner\"><div class=\"fg-caption-title\">Ba\u00f1o servicio<\/div><\/div><\/figcaption><\/figure><div class=\"fg-loader\"><\/div><\/div><\/div>\r\n<\/code><\/p>\n<p style=\"text-align: left;\"><a href=\"http:\/\/www.estudiorolla.com.ar\/index.php\/depto-calle-avellaneda-san-isidro-2021-4\/\">Ver planos<\/a><\/p>\n<p style=\"text-align: left;\"><a href=\"http:\/\/www.estudiorolla.com.ar\/index.php\/remodelaciones\/\">\u00a0\u00a0\u00a0\u00a0<\/a><a href=\"http:\/\/www.estudiorolla.com.ar\/index.php\"><img decoding=\"async\" loading=\"lazy\" class=\"alignnone wp-image-199\" src=\"http:\/\/www.estudiorolla.com.ar\/wp-content\/uploads\/2016\/04\/Home-Web-150x150.png\" alt=\"Home Web\" width=\"40\" height=\"40\" \/><\/a><a href=\"http:\/\/www.estudiorolla.com.ar\/index.php\/remodelaciones\/\">\u00a0\u00a0\u00a0\u00a0\u00a0 <\/a><a href=\"http:\/\/www.estudiorolla.com.ar\/index.php\/remodelaciones\/\"><img decoding=\"async\" loading=\"lazy\" class=\"alignnone wp-image-222\" src=\"http:\/\/www.estudiorolla.com.ar\/wp-content\/uploads\/2016\/04\/Arrow-Web-e1462464811387-150x150.png\" alt=\"Arrow Web\" width=\"40\" height=\"40\" \/><\/a><\/p>\n","protected":false},"excerpt":{"rendered":"<p>Memoria descriptiva En este departamento en planta baja, dentro de un complejo de viviendas, vive una familia con 3 hijos adolecentes. Tanto el ba\u00f1o de los hijos como el ba\u00f1o principal estaban un poco desactualizados y, adem\u00e1s, el ba\u00f1o de servicio quer\u00eda ser usado por uno de los hijos. Utilizando los mismos materiales pero de&#8230;<\/p>\n","protected":false},"author":1,"featured_media":0,"parent":0,"menu_order":0,"comment_status":"closed","ping_status":"closed","template":"","meta":{"footnotes":""},"_links":{"self":[{"href":"http:\/\/www.estudiorolla.com.ar\/index.php\/wp-json\/wp\/v2\/pages\/2001"}],"collection":[{"href":"http:\/\/www.estudiorolla.com.ar\/index.php\/wp-json\/wp\/v2\/pages"}],"about":[{"href":"http:\/\/www.estudiorolla.com.ar\/index.php\/wp-json\/wp\/v2\/types\/page"}],"author":[{"embeddable":true,"href":"http:\/\/www.estudiorolla.com.ar\/index.php\/wp-json\/wp\/v2\/users\/1"}],"replies":[{"embeddable":true,"href":"http:\/\/www.estudiorolla.com.ar\/index.php\/wp-json\/wp\/v2\/comments?post=2001"}],"version-history":[{"count":3,"href":"http:\/\/www.estudiorolla.com.ar\/index.php\/wp-json\/wp\/v2\/pages\/2001\/revisions"}],"predecessor-version":[{"id":2006,"href":"http:\/\/www.estudiorolla.com.ar\/index.php\/wp-json\/wp\/v2\/pages\/2001\/revisions\/2006"}],"wp:attachment":[{"href":"http:\/\/www.estudiorolla.com.ar\/index.php\/wp-json\/wp\/v2\/media?parent=2001"}],"curies":[{"name":"wp","href":"https:\/\/api.w.org\/{rel}","templated":true}]}}