{"id":1982,"date":"2022-03-01T14:50:41","date_gmt":"2022-03-01T14:50:41","guid":{"rendered":"http:\/\/www.estudiorolla.com.ar\/?page_id=1982"},"modified":"2022-03-02T14:08:35","modified_gmt":"2022-03-02T14:08:35","slug":"barzana1","status":"publish","type":"page","link":"http:\/\/www.estudiorolla.com.ar\/index.php\/barzana1\/","title":{"rendered":"Depto. calle Barzana &#8211; Villa Urquiza (2021)"},"content":{"rendered":"<p style=\"text-align: left;\"><span style=\"color: #99ccff;\">Memoria descriptiva<br \/>\n<\/span><\/p>\n<p style=\"text-align: justify;\">Una persona que vive sola quer\u00eda que su peque\u00f1o ba\u00f1o fuese no solamente pr\u00e1ctico sino tambi\u00e9n luminoso y con terminaciones nobles. El piso de marmetas en m\u00e1rmol Carrara armoniza con la placa de piso de la ducha hecha de una sola pieza en el mismo m\u00e1rmol y con bandas antideslizantes. El desag\u00fce lineal oculto y la mampara completan el conjunto del espacio ducha. El peque\u00f1o vanitory colgante es incorporado al ba\u00f1o con un estante lineal completo en Carrara y un gran espejo. Tanto la elecci\u00f3n de los materiales claros como la linealidad del estante y el espejo permiten darle luminosidad al ba\u00f1o mientras aportan sensaci\u00f3n de mayor escala.<\/p>\n<p><code id=\"envira_shortcode_1305\"><style type=\"text\/css\">\r\n\t#foogallery-gallery-1988 .fg-image {\r\n        width: 150px;\r\n    }\r\n<\/style>\r\n\t\t\t\t<div class=\"foogallery foogallery-container foogallery-default foogallery-lightbox-foobox fg-gutter-10 fg-center fg-default fg-light fg-shadow-outline fg-loading-default fg-loaded-fade-in fg-caption-hover fg-hover-fade fg-hover-zoom fg-ready\" id=\"foogallery-gallery-1988\" data-foogallery=\"{&quot;item&quot;:{&quot;showCaptionTitle&quot;:true,&quot;showCaptionDescription&quot;:true},&quot;lazy&quot;:true}\" >\r\n\t<div class=\"fg-item fg-type-image fg-idle\"><figure class=\"fg-item-inner\"><a href=\"http:\/\/www.estudiorolla.com.ar\/wp-content\/uploads\/2022\/03\/Bano-1-scaled-e1647364819769.jpg\" data-attachment-id=\"1992\" class=\"fg-thumb\"><span class=\"fg-image-wrap\"><img width=\"150\" height=\"150\" class=\"skip-lazy fg-image\" data-src-fg=\"http:\/\/www.estudiorolla.com.ar\/wp-content\/uploads\/cache\/2022\/03\/Bano-1-scaled-e1647364819769\/3270667996.jpg\" src=\"data:image\/svg+xml,%3Csvg%20xmlns%3D%22http%3A%2F%2Fwww.w3.org%2F2000%2Fsvg%22%20width%3D%22150%22%20height%3D%22150%22%20viewBox%3D%220%200%20150%20150%22%3E%3C%2Fsvg%3E\" loading=\"eager\"><\/span><span class=\"fg-image-overlay\"><\/span><\/a><figcaption class=\"fg-caption\"><div class=\"fg-caption-inner\"><\/div><\/figcaption><\/figure><div class=\"fg-loader\"><\/div><\/div><div class=\"fg-item fg-type-image fg-idle\"><figure class=\"fg-item-inner\"><a href=\"http:\/\/www.estudiorolla.com.ar\/wp-content\/uploads\/2022\/03\/Bano-2-scaled-e1647364791281.jpg\" data-attachment-id=\"1993\" class=\"fg-thumb\"><span class=\"fg-image-wrap\"><img width=\"150\" height=\"150\" class=\"skip-lazy fg-image\" data-src-fg=\"http:\/\/www.estudiorolla.com.ar\/wp-content\/uploads\/cache\/2022\/03\/Bano-2-scaled-e1647364791281\/3392977074.jpg\" src=\"data:image\/svg+xml,%3Csvg%20xmlns%3D%22http%3A%2F%2Fwww.w3.org%2F2000%2Fsvg%22%20width%3D%22150%22%20height%3D%22150%22%20viewBox%3D%220%200%20150%20150%22%3E%3C%2Fsvg%3E\" loading=\"eager\"><\/span><span class=\"fg-image-overlay\"><\/span><\/a><figcaption class=\"fg-caption\"><div class=\"fg-caption-inner\"><\/div><\/figcaption><\/figure><div class=\"fg-loader\"><\/div><\/div><div class=\"fg-item fg-type-image fg-idle\"><figure class=\"fg-item-inner\"><a href=\"http:\/\/www.estudiorolla.com.ar\/wp-content\/uploads\/2022\/03\/Bano-3-1-scaled.jpg\" data-attachment-id=\"1994\" class=\"fg-thumb\"><span class=\"fg-image-wrap\"><img width=\"150\" height=\"150\" class=\"skip-lazy fg-image\" data-src-fg=\"http:\/\/www.estudiorolla.com.ar\/wp-content\/uploads\/cache\/2022\/03\/Bano-3-1-scaled\/329088392.jpg\" src=\"data:image\/svg+xml,%3Csvg%20xmlns%3D%22http%3A%2F%2Fwww.w3.org%2F2000%2Fsvg%22%20width%3D%22150%22%20height%3D%22150%22%20viewBox%3D%220%200%20150%20150%22%3E%3C%2Fsvg%3E\" loading=\"eager\"><\/span><span class=\"fg-image-overlay\"><\/span><\/a><figcaption class=\"fg-caption\"><div class=\"fg-caption-inner\"><\/div><\/figcaption><\/figure><div class=\"fg-loader\"><\/div><\/div><\/div>\r\n<\/code><\/p>\n<p style=\"text-align: left;\"><a href=\"http:\/\/www.estudiorolla.com.ar\/index.php\/barzana2\/\">Ver planos<\/a><\/p>\n<p style=\"text-align: left;\"><a href=\"http:\/\/www.estudiorolla.com.ar\/index.php\/remodelaciones\/\">&nbsp;&nbsp;&nbsp;&nbsp;<\/a><a href=\"http:\/\/www.estudiorolla.com.ar\/index.php\"><img decoding=\"async\" loading=\"lazy\" class=\"alignnone wp-image-199\" src=\"http:\/\/www.estudiorolla.com.ar\/wp-content\/uploads\/2016\/04\/Home-Web-150x150.png\" alt=\"Home Web\" width=\"40\" height=\"40\"><\/a><a href=\"http:\/\/www.estudiorolla.com.ar\/index.php\/remodelaciones\/\">&nbsp;&nbsp;&nbsp;&nbsp;&nbsp; <\/a><a href=\"http:\/\/www.estudiorolla.com.ar\/index.php\/remodelaciones\/\"><img decoding=\"async\" loading=\"lazy\" class=\"alignnone wp-image-222\" src=\"http:\/\/www.estudiorolla.com.ar\/wp-content\/uploads\/2016\/04\/Arrow-Web-e1462464811387-150x150.png\" alt=\"Arrow Web\" width=\"40\" height=\"40\"><\/a><\/p>\n","protected":false},"excerpt":{"rendered":"<p>Memoria descriptiva Una persona que vive sola quer\u00eda que su peque\u00f1o ba\u00f1o fuese no solamente pr\u00e1ctico sino tambi\u00e9n luminoso y con terminaciones nobles. El piso de marmetas en m\u00e1rmol Carrara armoniza con la placa de piso de la ducha hecha de una sola pieza en el mismo m\u00e1rmol y con bandas antideslizantes. El desag\u00fce lineal&#8230;<\/p>\n","protected":false},"author":1,"featured_media":0,"parent":0,"menu_order":0,"comment_status":"closed","ping_status":"closed","template":"","meta":{"footnotes":""},"_links":{"self":[{"href":"http:\/\/www.estudiorolla.com.ar\/index.php\/wp-json\/wp\/v2\/pages\/1982"}],"collection":[{"href":"http:\/\/www.estudiorolla.com.ar\/index.php\/wp-json\/wp\/v2\/pages"}],"about":[{"href":"http:\/\/www.estudiorolla.com.ar\/index.php\/wp-json\/wp\/v2\/types\/page"}],"author":[{"embeddable":true,"href":"http:\/\/www.estudiorolla.com.ar\/index.php\/wp-json\/wp\/v2\/users\/1"}],"replies":[{"embeddable":true,"href":"http:\/\/www.estudiorolla.com.ar\/index.php\/wp-json\/wp\/v2\/comments?post=1982"}],"version-history":[{"count":4,"href":"http:\/\/www.estudiorolla.com.ar\/index.php\/wp-json\/wp\/v2\/pages\/1982\/revisions"}],"predecessor-version":[{"id":2009,"href":"http:\/\/www.estudiorolla.com.ar\/index.php\/wp-json\/wp\/v2\/pages\/1982\/revisions\/2009"}],"wp:attachment":[{"href":"http:\/\/www.estudiorolla.com.ar\/index.php\/wp-json\/wp\/v2\/media?parent=1982"}],"curies":[{"name":"wp","href":"https:\/\/api.w.org\/{rel}","templated":true}]}}