{"id":1959,"date":"2022-02-28T16:02:05","date_gmt":"2022-02-28T16:02:05","guid":{"rendered":"http:\/\/www.estudiorolla.com.ar\/?page_id=1959"},"modified":"2022-02-28T16:08:51","modified_gmt":"2022-02-28T16:08:51","slug":"casa-calle-elortondo-beccar-2021","status":"publish","type":"page","link":"http:\/\/www.estudiorolla.com.ar\/index.php\/casa-calle-elortondo-beccar-2021\/","title":{"rendered":"Casa calle Elortondo &#8211; Beccar (2021)"},"content":{"rendered":"<p style=\"text-align: left;\"><span style=\"color: #99ccff;\">Memoria descriptiva<br \/>\n<\/span><\/p>\n<p style=\"text-align: justify;\">El sector de la cocina, dormitorio de servicio usado como comedor diario, junto con la antecocina utilizada como lavadero y el ba\u00f1o de servicio ten\u00edan una muy mala distribuci\u00f3n, poca iluminaci\u00f3n natural y ventilaci\u00f3n. Abriendo un acceso secundario desde el porch se ubic\u00f3 una sala de m\u00e1quinas, que hace las veces de hall de servicio hacia la cocina. La cocina al frente con buena iluminaci\u00f3n natural se distribuye en torno a una isla central que asimismo es utilizada como desayunador. La antecocina conectada con el hall principal como con el estar permite una circulaci\u00f3n fluida desde varios lados de la casa. El lavadero interno que tambi\u00e9n act\u00faa como gran lugar de guardado termina de conformar la reorganizaci\u00f3n de todo el sector. Entendiendo estos espacios en armon\u00eda se utilizaron los mismos materiales que los integran visualmente, poniendo el foco en la luminosidad, por lo tanto se utiliz\u00f3 una paleta de colores claros.<\/p>\n<p><code id=\"envira_shortcode_1305\"><\/code><\/p>\n<p style=\"text-align: left;\"><a href=\"http:\/\/www.estudiorolla.com.ar\/index.php\/casa-calle-elortondo-beccar-2021-2\/\">Ver planos<\/a><\/p>\n<p style=\"text-align: left;\"><a href=\"http:\/\/www.estudiorolla.com.ar\/index.php\/remodelaciones\/\">\u00a0\u00a0\u00a0\u00a0<\/a><a href=\"http:\/\/www.estudiorolla.com.ar\/index.php\"><img decoding=\"async\" loading=\"lazy\" class=\"alignnone wp-image-199\" src=\"http:\/\/www.estudiorolla.com.ar\/wp-content\/uploads\/2016\/04\/Home-Web-150x150.png\" alt=\"Home Web\" width=\"40\" height=\"40\" \/><\/a><a href=\"http:\/\/www.estudiorolla.com.ar\/index.php\/remodelaciones\/\">\u00a0\u00a0\u00a0\u00a0\u00a0 <\/a><a href=\"http:\/\/www.estudiorolla.com.ar\/index.php\/remodelaciones\/\"><img decoding=\"async\" loading=\"lazy\" class=\"alignnone wp-image-222\" src=\"http:\/\/www.estudiorolla.com.ar\/wp-content\/uploads\/2016\/04\/Arrow-Web-e1462464811387-150x150.png\" alt=\"Arrow Web\" width=\"40\" height=\"40\" \/><\/a><\/p>\n","protected":false},"excerpt":{"rendered":"<p>Memoria descriptiva El sector de la cocina, dormitorio de servicio usado como comedor diario, junto con la antecocina utilizada como lavadero y el ba\u00f1o de servicio ten\u00edan una muy mala distribuci\u00f3n, poca iluminaci\u00f3n natural y ventilaci\u00f3n. Abriendo un acceso secundario desde el porch se ubic\u00f3 una sala de m\u00e1quinas, que hace las veces de hall&#8230;<\/p>\n","protected":false},"author":1,"featured_media":0,"parent":0,"menu_order":0,"comment_status":"closed","ping_status":"closed","template":"","meta":{"footnotes":""},"_links":{"self":[{"href":"http:\/\/www.estudiorolla.com.ar\/index.php\/wp-json\/wp\/v2\/pages\/1959"}],"collection":[{"href":"http:\/\/www.estudiorolla.com.ar\/index.php\/wp-json\/wp\/v2\/pages"}],"about":[{"href":"http:\/\/www.estudiorolla.com.ar\/index.php\/wp-json\/wp\/v2\/types\/page"}],"author":[{"embeddable":true,"href":"http:\/\/www.estudiorolla.com.ar\/index.php\/wp-json\/wp\/v2\/users\/1"}],"replies":[{"embeddable":true,"href":"http:\/\/www.estudiorolla.com.ar\/index.php\/wp-json\/wp\/v2\/comments?post=1959"}],"version-history":[{"count":5,"href":"http:\/\/www.estudiorolla.com.ar\/index.php\/wp-json\/wp\/v2\/pages\/1959\/revisions"}],"predecessor-version":[{"id":1969,"href":"http:\/\/www.estudiorolla.com.ar\/index.php\/wp-json\/wp\/v2\/pages\/1959\/revisions\/1969"}],"wp:attachment":[{"href":"http:\/\/www.estudiorolla.com.ar\/index.php\/wp-json\/wp\/v2\/media?parent=1959"}],"curies":[{"name":"wp","href":"https:\/\/api.w.org\/{rel}","templated":true}]}}