{"id":1198,"date":"2019-11-20T15:42:04","date_gmt":"2019-11-20T15:42:04","guid":{"rendered":"http:\/\/www.estudiorolla.com.ar\/?page_id=1198"},"modified":"2022-02-23T20:14:27","modified_gmt":"2022-02-23T20:14:27","slug":"casa-bo-fincas-de-maschwitz-2013","status":"publish","type":"page","link":"http:\/\/www.estudiorolla.com.ar\/index.php\/casa-bo-fincas-de-maschwitz-2013\/","title":{"rendered":"Casa Bo. Fincas de Maschwitz &#8211; Maschwitz (2013)"},"content":{"rendered":"<p><span style=\"color: #99ccff;\">Memoria descriptiva<\/span><\/p>\n<p style=\"text-align: justify;\">En medio de un barrio con linda vegetaci\u00f3n se ubica esta casa en esquina que se desarrolla en L.\u00a0 El sector de la galer\u00eda con la parrilla oculta y una pileta exterior como fregadero ya no era pr\u00e1ctica para la mujer que vive all\u00ed y su tipo de vida social. Se rearm\u00f3 la parrilla vinculada con el estar-comedor, la cocina y la galer\u00eda, incluyendo una barra r\u00fastica de apoyo. Junto a la parrilla, y dentro de un gabinete, se agreg\u00f3 un sector de lavadero cerrado que adem\u00e1s sirve para guardar los art\u00edculos de limpieza. En donde estaba la antigua parrilla se ubic\u00f3 la sala de m\u00e1quinas, oculta a la vista y d\u00e1ndole la espalda al sector de estar.<\/p>\n\t\t\t<style>\r\n                #foogallery-gallery-1349.fg-masonry .fg-item {\r\n                    width: 150px;\r\n                    margin-right: 10px;\r\n                    margin-bottom: 10px;\r\n                }\r\n\t\t\t<\/style>\r\n\t\t\t<div class=\"foogallery foogallery-container foogallery-masonry foogallery-lightbox-foobox fg-center fg-masonry fg-light fg-shadow-outline fg-loading-bars fg-loaded-fade-in fg-caption-hover fg-hover-fade fg-hover-zoom3 fg-ready fg-fixed\" id=\"foogallery-gallery-1349\" data-foogallery=\"{&quot;item&quot;:{&quot;showCaptionTitle&quot;:true,&quot;showCaptionDescription&quot;:true},&quot;lazy&quot;:true,&quot;template&quot;:{&quot;columnWidth&quot;:150,&quot;gutter&quot;:10}}\" >\r\n\t\t<div class=\"fg-item fg-type-image fg-idle\"><figure class=\"fg-item-inner\"><a href=\"http:\/\/www.estudiorolla.com.ar\/wp-content\/uploads\/2019\/11\/003.jpg\" data-attachment-id=\"2015\" class=\"fg-thumb\"><span class=\"fg-image-wrap\"><img width=\"150\" height=\"100\" class=\"skip-lazy fg-image\" data-src-fg=\"http:\/\/www.estudiorolla.com.ar\/wp-content\/uploads\/cache\/2019\/11\/003\/1236792929.jpg\" src=\"data:image\/svg+xml,%3Csvg%20xmlns%3D%22http%3A%2F%2Fwww.w3.org%2F2000%2Fsvg%22%20width%3D%22150%22%20height%3D%22100%22%20viewBox%3D%220%200%20150%20100%22%3E%3C%2Fsvg%3E\" loading=\"eager\"><\/span><span class=\"fg-image-overlay\"><\/span><\/a><figcaption class=\"fg-caption\"><div class=\"fg-caption-inner\"><\/div><\/figcaption><\/figure><div class=\"fg-loader\"><\/div><\/div><div class=\"fg-item fg-type-image fg-idle\"><figure class=\"fg-item-inner\"><a href=\"http:\/\/www.estudiorolla.com.ar\/wp-content\/uploads\/2019\/11\/002.jpg\" data-attachment-id=\"2014\" class=\"fg-thumb\"><span class=\"fg-image-wrap\"><img width=\"150\" height=\"225\" class=\"skip-lazy fg-image\" data-src-fg=\"http:\/\/www.estudiorolla.com.ar\/wp-content\/uploads\/cache\/2019\/11\/002\/4257211447.jpg\" src=\"data:image\/svg+xml,%3Csvg%20xmlns%3D%22http%3A%2F%2Fwww.w3.org%2F2000%2Fsvg%22%20width%3D%22150%22%20height%3D%22225%22%20viewBox%3D%220%200%20150%20225%22%3E%3C%2Fsvg%3E\" loading=\"eager\"><\/span><span class=\"fg-image-overlay\"><\/span><\/a><figcaption class=\"fg-caption\"><div class=\"fg-caption-inner\"><\/div><\/figcaption><\/figure><div class=\"fg-loader\"><\/div><\/div><div class=\"fg-item fg-type-image fg-idle\"><figure class=\"fg-item-inner\"><a href=\"http:\/\/www.estudiorolla.com.ar\/wp-content\/uploads\/2019\/11\/001.jpg\" data-attachment-id=\"2013\" class=\"fg-thumb\"><span class=\"fg-image-wrap\"><img width=\"150\" height=\"225\" class=\"skip-lazy fg-image\" data-src-fg=\"http:\/\/www.estudiorolla.com.ar\/wp-content\/uploads\/cache\/2019\/11\/001\/3274676717.jpg\" src=\"data:image\/svg+xml,%3Csvg%20xmlns%3D%22http%3A%2F%2Fwww.w3.org%2F2000%2Fsvg%22%20width%3D%22150%22%20height%3D%22225%22%20viewBox%3D%220%200%20150%20225%22%3E%3C%2Fsvg%3E\" loading=\"eager\"><\/span><span class=\"fg-image-overlay\"><\/span><\/a><figcaption class=\"fg-caption\"><div class=\"fg-caption-inner\"><\/div><\/figcaption><\/figure><div class=\"fg-loader\"><\/div><\/div><div class=\"fg-item fg-type-image fg-idle\"><figure class=\"fg-item-inner\"><a href=\"http:\/\/www.estudiorolla.com.ar\/wp-content\/uploads\/2019\/11\/004.jpg\" data-attachment-id=\"2016\" class=\"fg-thumb\"><span class=\"fg-image-wrap\"><img width=\"150\" height=\"100\" class=\"skip-lazy fg-image\" data-src-fg=\"http:\/\/www.estudiorolla.com.ar\/wp-content\/uploads\/cache\/2019\/11\/004\/3398748192.jpg\" src=\"data:image\/svg+xml,%3Csvg%20xmlns%3D%22http%3A%2F%2Fwww.w3.org%2F2000%2Fsvg%22%20width%3D%22150%22%20height%3D%22100%22%20viewBox%3D%220%200%20150%20100%22%3E%3C%2Fsvg%3E\" loading=\"eager\"><\/span><span class=\"fg-image-overlay\"><\/span><\/a><figcaption class=\"fg-caption\"><div class=\"fg-caption-inner\"><\/div><\/figcaption><\/figure><div class=\"fg-loader\"><\/div><\/div><\/div>\n<p style=\"text-align: left;\"><a href=\"http:\/\/www.estudiorolla.com.ar\/index.php\/casa-bo-fincas-de-maschwitz-2013-2\/\">Ver planos<\/a><\/p>\n<p style=\"text-align: left;\"><a href=\"http:\/\/www.estudiorolla.com.ar\/index.php\/remodelaciones\/\">\u00a0\u00a0\u00a0\u00a0<\/a><a href=\"http:\/\/www.estudiorolla.com.ar\/index.php\"><img decoding=\"async\" loading=\"lazy\" class=\"alignnone wp-image-199\" src=\"http:\/\/www.estudiorolla.com.ar\/wp-content\/uploads\/2016\/04\/Home-Web-150x150.png\" alt=\"Home Web\" width=\"40\" height=\"40\" \/><\/a><a href=\"http:\/\/www.estudiorolla.com.ar\/index.php\/remodelaciones\/\">\u00a0\u00a0\u00a0\u00a0\u00a0 <\/a><a href=\"http:\/\/www.estudiorolla.com.ar\/index.php\/remodelaciones\/\"><img decoding=\"async\" loading=\"lazy\" class=\"alignnone wp-image-222\" src=\"http:\/\/www.estudiorolla.com.ar\/wp-content\/uploads\/2016\/04\/Arrow-Web-e1462464811387-150x150.png\" alt=\"Arrow Web\" width=\"40\" height=\"40\" \/><\/a><\/p>\n","protected":false},"excerpt":{"rendered":"<p>Memoria descriptiva En medio de un barrio con linda vegetaci\u00f3n se ubica esta casa en esquina que se desarrolla en L.\u00a0 El sector de la galer\u00eda con la parrilla oculta y una pileta exterior como fregadero ya no era pr\u00e1ctica para la mujer que vive all\u00ed y su tipo de vida social. Se rearm\u00f3 la&#8230;<\/p>\n","protected":false},"author":1,"featured_media":0,"parent":0,"menu_order":0,"comment_status":"closed","ping_status":"closed","template":"","meta":{"footnotes":""},"_links":{"self":[{"href":"http:\/\/www.estudiorolla.com.ar\/index.php\/wp-json\/wp\/v2\/pages\/1198"}],"collection":[{"href":"http:\/\/www.estudiorolla.com.ar\/index.php\/wp-json\/wp\/v2\/pages"}],"about":[{"href":"http:\/\/www.estudiorolla.com.ar\/index.php\/wp-json\/wp\/v2\/types\/page"}],"author":[{"embeddable":true,"href":"http:\/\/www.estudiorolla.com.ar\/index.php\/wp-json\/wp\/v2\/users\/1"}],"replies":[{"embeddable":true,"href":"http:\/\/www.estudiorolla.com.ar\/index.php\/wp-json\/wp\/v2\/comments?post=1198"}],"version-history":[{"count":8,"href":"http:\/\/www.estudiorolla.com.ar\/index.php\/wp-json\/wp\/v2\/pages\/1198\/revisions"}],"predecessor-version":[{"id":1870,"href":"http:\/\/www.estudiorolla.com.ar\/index.php\/wp-json\/wp\/v2\/pages\/1198\/revisions\/1870"}],"wp:attachment":[{"href":"http:\/\/www.estudiorolla.com.ar\/index.php\/wp-json\/wp\/v2\/media?parent=1198"}],"curies":[{"name":"wp","href":"https:\/\/api.w.org\/{rel}","templated":true}]}}