{"id":1058,"date":"2016-12-14T19:15:12","date_gmt":"2016-12-14T19:15:12","guid":{"rendered":"http:\/\/www.estudiorolla.com.ar\/?page_id=1058"},"modified":"2022-02-23T20:20:32","modified_gmt":"2022-02-23T20:20:32","slug":"depore16-obra","status":"publish","type":"page","link":"http:\/\/www.estudiorolla.com.ar\/index.php\/depore16-obra\/","title":{"rendered":"Depto. calle Posadas &#8211; Recoleta (2016)"},"content":{"rendered":"<p><span style=\"color: #99ccff;\">Memoria descriptiva<\/span><\/p>\n<p style=\"text-align: justify;\">Este departamento con un largo y angosto balc\u00f3n al frente es habitado por dos hermanas estudiantes de carreras universitarias relacionadas con las artes y el dise\u00f1o. El proyecto de decoraci\u00f3n consisti\u00f3 en darles el orden y equipamiento necesarios para que el departamento fuese funcional tanto a nivel social como a nivel estudiantil. El estar-comedor fue equipado completamente pensando, por ejemplo, una terminaci\u00f3n resistente a materiales art\u00edsticos para la tapa de la mesa del comedor. De forma anexa y separado por una biblioteca sin fondo se ubica el escritorio. All\u00ed se llen\u00f3 el espacio con superficies de escritorio, bibliotecas, estantes, pizarr\u00f3n y dem\u00e1s equipamiento requerido para el estudio. El balc\u00f3n fue decorado con sillas resistentes a la intemperie y maceteros con plantas de poco mantenimiento. Finalmente en los dormitorios se dise\u00f1aron los interiores de los placards y muebles e iluminaci\u00f3n faltante.<\/p>\n<p style=\"text-align: justify;\"><style type=\"text\/css\">\r\n\t#foogallery-gallery-1684 .fg-image {\r\n        width: 150px;\r\n    }\r\n<\/style>\r\n\t\t\t\t<div class=\"foogallery foogallery-container foogallery-default foogallery-lightbox-foobox fg-gutter-10 fg-center fg-default fg-light fg-shadow-outline fg-loading-default fg-loaded-fade-in fg-caption-hover fg-hover-fade fg-hover-zoom fg-ready\" id=\"foogallery-gallery-1684\" data-foogallery=\"{&quot;item&quot;:{&quot;showCaptionTitle&quot;:true,&quot;showCaptionDescription&quot;:true},&quot;lazy&quot;:true}\" >\r\n\t<div class=\"fg-item fg-type-image fg-idle\"><figure class=\"fg-item-inner\"><a href=\"http:\/\/www.estudiorolla.com.ar\/wp-content\/uploads\/2020\/02\/IMG_7105-13x18-1.jpg\" data-attachment-id=\"1688\" class=\"fg-thumb\"><span class=\"fg-image-wrap\"><img width=\"150\" height=\"150\" class=\"skip-lazy fg-image\" data-src-fg=\"http:\/\/www.estudiorolla.com.ar\/wp-content\/uploads\/cache\/2020\/02\/IMG_7105-13x18-1\/3080274620.jpg\" src=\"data:image\/svg+xml,%3Csvg%20xmlns%3D%22http%3A%2F%2Fwww.w3.org%2F2000%2Fsvg%22%20width%3D%22150%22%20height%3D%22150%22%20viewBox%3D%220%200%20150%20150%22%3E%3C%2Fsvg%3E\" loading=\"eager\"><\/span><span class=\"fg-image-overlay\"><\/span><\/a><figcaption class=\"fg-caption\"><div class=\"fg-caption-inner\"><\/div><\/figcaption><\/figure><div class=\"fg-loader\"><\/div><\/div><div class=\"fg-item fg-type-image fg-idle\"><figure class=\"fg-item-inner\"><a href=\"http:\/\/www.estudiorolla.com.ar\/wp-content\/uploads\/2020\/02\/IMG_7091-13x18-1.jpg\" data-attachment-id=\"1685\" class=\"fg-thumb\"><span class=\"fg-image-wrap\"><img width=\"150\" height=\"150\" class=\"skip-lazy fg-image\" data-src-fg=\"http:\/\/www.estudiorolla.com.ar\/wp-content\/uploads\/cache\/2020\/02\/IMG_7091-13x18-1\/709304370.jpg\" src=\"data:image\/svg+xml,%3Csvg%20xmlns%3D%22http%3A%2F%2Fwww.w3.org%2F2000%2Fsvg%22%20width%3D%22150%22%20height%3D%22150%22%20viewBox%3D%220%200%20150%20150%22%3E%3C%2Fsvg%3E\" loading=\"eager\"><\/span><span class=\"fg-image-overlay\"><\/span><\/a><figcaption class=\"fg-caption\"><div class=\"fg-caption-inner\"><\/div><\/figcaption><\/figure><div class=\"fg-loader\"><\/div><\/div><div class=\"fg-item fg-type-image fg-idle\"><figure class=\"fg-item-inner\"><a href=\"http:\/\/www.estudiorolla.com.ar\/wp-content\/uploads\/2020\/02\/IMG_7098-13x18-1.jpg\" data-attachment-id=\"1687\" class=\"fg-thumb\"><span class=\"fg-image-wrap\"><img width=\"150\" height=\"150\" class=\"skip-lazy fg-image\" data-src-fg=\"http:\/\/www.estudiorolla.com.ar\/wp-content\/uploads\/cache\/2020\/02\/IMG_7098-13x18-1\/4208757763.jpg\" src=\"data:image\/svg+xml,%3Csvg%20xmlns%3D%22http%3A%2F%2Fwww.w3.org%2F2000%2Fsvg%22%20width%3D%22150%22%20height%3D%22150%22%20viewBox%3D%220%200%20150%20150%22%3E%3C%2Fsvg%3E\" loading=\"eager\"><\/span><span class=\"fg-image-overlay\"><\/span><\/a><figcaption class=\"fg-caption\"><div class=\"fg-caption-inner\"><\/div><\/figcaption><\/figure><div class=\"fg-loader\"><\/div><\/div><div class=\"fg-item fg-type-image fg-idle\"><figure class=\"fg-item-inner\"><a href=\"http:\/\/www.estudiorolla.com.ar\/wp-content\/uploads\/2020\/02\/IMG_7107-13x18-1.jpg\" data-attachment-id=\"1689\" class=\"fg-thumb\"><span class=\"fg-image-wrap\"><img width=\"150\" height=\"150\" class=\"skip-lazy fg-image\" data-src-fg=\"http:\/\/www.estudiorolla.com.ar\/wp-content\/uploads\/cache\/2020\/02\/IMG_7107-13x18-1\/3681662344.jpg\" src=\"data:image\/svg+xml,%3Csvg%20xmlns%3D%22http%3A%2F%2Fwww.w3.org%2F2000%2Fsvg%22%20width%3D%22150%22%20height%3D%22150%22%20viewBox%3D%220%200%20150%20150%22%3E%3C%2Fsvg%3E\" loading=\"eager\"><\/span><span class=\"fg-image-overlay\"><\/span><\/a><figcaption class=\"fg-caption\"><div class=\"fg-caption-inner\"><\/div><\/figcaption><\/figure><div class=\"fg-loader\"><\/div><\/div><div class=\"fg-item fg-type-image fg-idle\"><figure class=\"fg-item-inner\"><a href=\"http:\/\/www.estudiorolla.com.ar\/wp-content\/uploads\/2020\/02\/IMG_7095-13x18-1.jpg\" data-attachment-id=\"1686\" class=\"fg-thumb\"><span class=\"fg-image-wrap\"><img width=\"150\" height=\"150\" class=\"skip-lazy fg-image\" data-src-fg=\"http:\/\/www.estudiorolla.com.ar\/wp-content\/uploads\/cache\/2020\/02\/IMG_7095-13x18-1\/417209357.jpg\" src=\"data:image\/svg+xml,%3Csvg%20xmlns%3D%22http%3A%2F%2Fwww.w3.org%2F2000%2Fsvg%22%20width%3D%22150%22%20height%3D%22150%22%20viewBox%3D%220%200%20150%20150%22%3E%3C%2Fsvg%3E\" loading=\"eager\"><\/span><span class=\"fg-image-overlay\"><\/span><\/a><figcaption class=\"fg-caption\"><div class=\"fg-caption-inner\"><\/div><\/figcaption><\/figure><div class=\"fg-loader\"><\/div><\/div><\/div>\r\n<\/p>\n<p><a href=\"http:\/\/www.estudiorolla.com.ar\/index.php\/remodelaciones\/\">\u00a0\u00a0\u00a0\u00a0<\/a><a href=\"http:\/\/www.estudiorolla.com.ar\/index.php\"><img decoding=\"async\" loading=\"lazy\" class=\"alignnone wp-image-199\" src=\"http:\/\/www.estudiorolla.com.ar\/wp-content\/uploads\/2016\/04\/Home-Web-150x150.png\" alt=\"Home Web\" width=\"40\" height=\"40\" \/><\/a><a href=\"http:\/\/www.estudiorolla.com.ar\/index.php\/remodelaciones\/\">\u00a0\u00a0\u00a0\u00a0\u00a0 <\/a><a href=\"http:\/\/www.estudiorolla.com.ar\/index.php\/decoraciones\/\"><img decoding=\"async\" loading=\"lazy\" class=\"alignnone wp-image-222\" src=\"http:\/\/www.estudiorolla.com.ar\/wp-content\/uploads\/2016\/04\/Arrow-Web-e1462464811387-150x150.png\" alt=\"Arrow Web\" width=\"40\" height=\"40\" \/><\/a><\/p>\n","protected":false},"excerpt":{"rendered":"<p>Memoria descriptiva Este departamento con un largo y angosto balc\u00f3n al frente es habitado por dos hermanas estudiantes de carreras universitarias relacionadas con las artes y el dise\u00f1o. El proyecto de decoraci\u00f3n consisti\u00f3 en darles el orden y equipamiento necesarios para que el departamento fuese funcional tanto a nivel social como a nivel estudiantil. El&#8230;<\/p>\n","protected":false},"author":1,"featured_media":0,"parent":0,"menu_order":0,"comment_status":"closed","ping_status":"closed","template":"","meta":{"footnotes":""},"_links":{"self":[{"href":"http:\/\/www.estudiorolla.com.ar\/index.php\/wp-json\/wp\/v2\/pages\/1058"}],"collection":[{"href":"http:\/\/www.estudiorolla.com.ar\/index.php\/wp-json\/wp\/v2\/pages"}],"about":[{"href":"http:\/\/www.estudiorolla.com.ar\/index.php\/wp-json\/wp\/v2\/types\/page"}],"author":[{"embeddable":true,"href":"http:\/\/www.estudiorolla.com.ar\/index.php\/wp-json\/wp\/v2\/users\/1"}],"replies":[{"embeddable":true,"href":"http:\/\/www.estudiorolla.com.ar\/index.php\/wp-json\/wp\/v2\/comments?post=1058"}],"version-history":[{"count":6,"href":"http:\/\/www.estudiorolla.com.ar\/index.php\/wp-json\/wp\/v2\/pages\/1058\/revisions"}],"predecessor-version":[{"id":1897,"href":"http:\/\/www.estudiorolla.com.ar\/index.php\/wp-json\/wp\/v2\/pages\/1058\/revisions\/1897"}],"wp:attachment":[{"href":"http:\/\/www.estudiorolla.com.ar\/index.php\/wp-json\/wp\/v2\/media?parent=1058"}],"curies":[{"name":"wp","href":"https:\/\/api.w.org\/{rel}","templated":true}]}}