{"id":1044,"date":"2016-08-16T18:15:08","date_gmt":"2016-08-16T18:15:08","guid":{"rendered":"http:\/\/www.estudiorolla.com.ar\/?page_id=1044"},"modified":"2022-02-23T20:14:51","modified_gmt":"2022-02-23T20:14:51","slug":"cabllpi13-obra","status":"publish","type":"page","link":"http:\/\/www.estudiorolla.com.ar\/index.php\/cabllpi13-obra\/","title":{"rendered":"Casa Bo. La Lomada &#8211; Pilar (2013)"},"content":{"rendered":"<p><span style=\"color: #99ccff;\">Memoria descriptiva<\/span><\/p>\n<p style=\"text-align: justify;\">Esta vivienda familiar, compuesta por una pareja con dos hijos menores, completamente amoblada necesitaba sectorizar algunos espacios para ganar intimidad. El hall de recepci\u00f3n estaba abierto directamente al comedor y al estar quit\u00e1ndoles privacidad, asique un mueble divisor de doble frente fue la soluci\u00f3n para ello. Adem\u00e1s se mejoraron los laterales del hogar en el estar integrando unas bibliotecas con el frente del mismo. La cocina se logr\u00f3 dividirla del family-room con un mueble bajo que hace las veces de biblioteca y respaldo de un sill\u00f3n. La redistribuci\u00f3n de la mesa de comedor diario, con la incorporaci\u00f3n de una banqueta larga con respaldo, y el armado de un escritorio con la TV dieron al family de todas las funciones que deb\u00eda tener. El dormitorio principal fue equipado con un gran respaldo de cama con biblioteca y un gran escritorio donde trabaja la pareja. Finalmente, los dormitorios de los hijos fueron provistos de camas nido y escritorios sencillos en terminaciones diferentes.<\/p>\n<style type=\"text\/css\">\r\n\t#foogallery-gallery-1719 .fg-image {\r\n        width: 150px;\r\n    }\r\n<\/style>\r\n\t\t\t\t<div class=\"foogallery foogallery-container foogallery-default foogallery-lightbox-foobox fg-gutter-10 fg-center fg-default fg-light fg-shadow-outline fg-loading-default fg-loaded-fade-in fg-caption-hover fg-hover-fade fg-hover-zoom fg-ready\" id=\"foogallery-gallery-1719\" data-foogallery=\"{&quot;item&quot;:{&quot;showCaptionTitle&quot;:true,&quot;showCaptionDescription&quot;:true},&quot;lazy&quot;:true}\" >\r\n\t<div class=\"fg-item fg-type-image fg-idle\"><figure class=\"fg-item-inner\"><a href=\"http:\/\/www.estudiorolla.com.ar\/wp-content\/uploads\/2020\/02\/Family-Room-3-13x18-1.jpg\" data-caption-title=\"Family Room\" data-attachment-id=\"1728\" class=\"fg-thumb\"><span class=\"fg-image-wrap\"><img width=\"150\" height=\"150\" class=\"skip-lazy fg-image\" data-src-fg=\"http:\/\/www.estudiorolla.com.ar\/wp-content\/uploads\/cache\/2020\/02\/Family-Room-3-13x18-1\/613436711.jpg\" src=\"data:image\/svg+xml,%3Csvg%20xmlns%3D%22http%3A%2F%2Fwww.w3.org%2F2000%2Fsvg%22%20width%3D%22150%22%20height%3D%22150%22%20viewBox%3D%220%200%20150%20150%22%3E%3C%2Fsvg%3E\" loading=\"eager\"><\/span><span class=\"fg-image-overlay\"><\/span><\/a><figcaption class=\"fg-caption\"><div class=\"fg-caption-inner\"><div class=\"fg-caption-title\">Family Room<\/div><\/div><\/figcaption><\/figure><div class=\"fg-loader\"><\/div><\/div><div class=\"fg-item fg-type-image fg-idle\"><figure class=\"fg-item-inner\"><a href=\"http:\/\/www.estudiorolla.com.ar\/wp-content\/uploads\/2020\/02\/Family-Room-1.jpg\" data-caption-title=\"Family Room\" data-attachment-id=\"1726\" class=\"fg-thumb\"><span class=\"fg-image-wrap\"><img width=\"150\" height=\"150\" class=\"skip-lazy fg-image\" data-src-fg=\"http:\/\/www.estudiorolla.com.ar\/wp-content\/uploads\/cache\/2020\/02\/Family-Room-1\/2752444352.jpg\" src=\"data:image\/svg+xml,%3Csvg%20xmlns%3D%22http%3A%2F%2Fwww.w3.org%2F2000%2Fsvg%22%20width%3D%22150%22%20height%3D%22150%22%20viewBox%3D%220%200%20150%20150%22%3E%3C%2Fsvg%3E\" loading=\"eager\"><\/span><span class=\"fg-image-overlay\"><\/span><\/a><figcaption class=\"fg-caption\"><div class=\"fg-caption-inner\"><div class=\"fg-caption-title\">Family Room<\/div><\/div><\/figcaption><\/figure><div class=\"fg-loader\"><\/div><\/div><div class=\"fg-item fg-type-image fg-idle\"><figure class=\"fg-item-inner\"><a href=\"http:\/\/www.estudiorolla.com.ar\/wp-content\/uploads\/2020\/02\/Family-Room-2.jpg\" data-caption-title=\"Family Room\" data-attachment-id=\"1727\" class=\"fg-thumb\"><span class=\"fg-image-wrap\"><img width=\"150\" height=\"150\" class=\"skip-lazy fg-image\" data-src-fg=\"http:\/\/www.estudiorolla.com.ar\/wp-content\/uploads\/cache\/2020\/02\/Family-Room-2\/4096830012.jpg\" src=\"data:image\/svg+xml,%3Csvg%20xmlns%3D%22http%3A%2F%2Fwww.w3.org%2F2000%2Fsvg%22%20width%3D%22150%22%20height%3D%22150%22%20viewBox%3D%220%200%20150%20150%22%3E%3C%2Fsvg%3E\" loading=\"eager\"><\/span><span class=\"fg-image-overlay\"><\/span><\/a><figcaption class=\"fg-caption\"><div class=\"fg-caption-inner\"><div class=\"fg-caption-title\">Family Room<\/div><\/div><\/figcaption><\/figure><div class=\"fg-loader\"><\/div><\/div><div class=\"fg-item fg-type-image fg-idle\"><figure class=\"fg-item-inner\"><a href=\"http:\/\/www.estudiorolla.com.ar\/wp-content\/uploads\/2020\/02\/Dormitorio-principal-1-13x18-1.jpg\" data-caption-title=\"Dormitorio principal\" data-attachment-id=\"1724\" class=\"fg-thumb\"><span class=\"fg-image-wrap\"><img width=\"150\" height=\"150\" class=\"skip-lazy fg-image\" data-src-fg=\"http:\/\/www.estudiorolla.com.ar\/wp-content\/uploads\/cache\/2020\/02\/Dormitorio-principal-1-13x18-1\/943129861.jpg\" src=\"data:image\/svg+xml,%3Csvg%20xmlns%3D%22http%3A%2F%2Fwww.w3.org%2F2000%2Fsvg%22%20width%3D%22150%22%20height%3D%22150%22%20viewBox%3D%220%200%20150%20150%22%3E%3C%2Fsvg%3E\" loading=\"eager\"><\/span><span class=\"fg-image-overlay\"><\/span><\/a><figcaption class=\"fg-caption\"><div class=\"fg-caption-inner\"><div class=\"fg-caption-title\">Dormitorio principal<\/div><\/div><\/figcaption><\/figure><div class=\"fg-loader\"><\/div><\/div><div class=\"fg-item fg-type-image fg-idle\"><figure class=\"fg-item-inner\"><a href=\"http:\/\/www.estudiorolla.com.ar\/wp-content\/uploads\/2020\/02\/Dormitorio-principal-2-13x18-1.jpg\" data-caption-title=\"Dormitorio principal\" data-attachment-id=\"1725\" class=\"fg-thumb\"><span class=\"fg-image-wrap\"><img width=\"150\" height=\"150\" class=\"skip-lazy fg-image\" data-src-fg=\"http:\/\/www.estudiorolla.com.ar\/wp-content\/uploads\/cache\/2020\/02\/Dormitorio-principal-2-13x18-1\/2835255914.jpg\" src=\"data:image\/svg+xml,%3Csvg%20xmlns%3D%22http%3A%2F%2Fwww.w3.org%2F2000%2Fsvg%22%20width%3D%22150%22%20height%3D%22150%22%20viewBox%3D%220%200%20150%20150%22%3E%3C%2Fsvg%3E\" loading=\"eager\"><\/span><span class=\"fg-image-overlay\"><\/span><\/a><figcaption class=\"fg-caption\"><div class=\"fg-caption-inner\"><div class=\"fg-caption-title\">Dormitorio principal<\/div><\/div><\/figcaption><\/figure><div class=\"fg-loader\"><\/div><\/div><div class=\"fg-item fg-type-image fg-idle\"><figure class=\"fg-item-inner\"><a href=\"http:\/\/www.estudiorolla.com.ar\/wp-content\/uploads\/2020\/02\/Dormitorio-hija.jpg\" data-caption-title=\"Dormitorio 2\" data-attachment-id=\"1721\" class=\"fg-thumb\"><span class=\"fg-image-wrap\"><img width=\"150\" height=\"150\" class=\"skip-lazy fg-image\" data-src-fg=\"http:\/\/www.estudiorolla.com.ar\/wp-content\/uploads\/cache\/2020\/02\/Dormitorio-hija\/152833786.jpg\" src=\"data:image\/svg+xml,%3Csvg%20xmlns%3D%22http%3A%2F%2Fwww.w3.org%2F2000%2Fsvg%22%20width%3D%22150%22%20height%3D%22150%22%20viewBox%3D%220%200%20150%20150%22%3E%3C%2Fsvg%3E\" loading=\"eager\"><\/span><span class=\"fg-image-overlay\"><\/span><\/a><figcaption class=\"fg-caption\"><div class=\"fg-caption-inner\"><div class=\"fg-caption-title\">Dormitorio 2<\/div><\/div><\/figcaption><\/figure><div class=\"fg-loader\"><\/div><\/div><div class=\"fg-item fg-type-image fg-idle\"><figure class=\"fg-item-inner\"><a href=\"http:\/\/www.estudiorolla.com.ar\/wp-content\/uploads\/2020\/02\/Dormitorio-hija-2.jpg\" data-caption-title=\"Dormitorio 2\" data-attachment-id=\"1720\" class=\"fg-thumb\"><span class=\"fg-image-wrap\"><img width=\"150\" height=\"150\" class=\"skip-lazy fg-image\" data-src-fg=\"http:\/\/www.estudiorolla.com.ar\/wp-content\/uploads\/cache\/2020\/02\/Dormitorio-hija-2\/3565736291.jpg\" src=\"data:image\/svg+xml,%3Csvg%20xmlns%3D%22http%3A%2F%2Fwww.w3.org%2F2000%2Fsvg%22%20width%3D%22150%22%20height%3D%22150%22%20viewBox%3D%220%200%20150%20150%22%3E%3C%2Fsvg%3E\" loading=\"eager\"><\/span><span class=\"fg-image-overlay\"><\/span><\/a><figcaption class=\"fg-caption\"><div class=\"fg-caption-inner\"><div class=\"fg-caption-title\">Dormitorio 2<\/div><\/div><\/figcaption><\/figure><div class=\"fg-loader\"><\/div><\/div><div class=\"fg-item fg-type-image fg-idle\"><figure class=\"fg-item-inner\"><a href=\"http:\/\/www.estudiorolla.com.ar\/wp-content\/uploads\/2020\/02\/Dormitorio-hijo-2.jpg\" data-caption-title=\"Dormitorio 3\" data-attachment-id=\"1723\" class=\"fg-thumb\"><span class=\"fg-image-wrap\"><img width=\"150\" height=\"150\" class=\"skip-lazy fg-image\" data-src-fg=\"http:\/\/www.estudiorolla.com.ar\/wp-content\/uploads\/cache\/2020\/02\/Dormitorio-hijo-2\/253587998.jpg\" src=\"data:image\/svg+xml,%3Csvg%20xmlns%3D%22http%3A%2F%2Fwww.w3.org%2F2000%2Fsvg%22%20width%3D%22150%22%20height%3D%22150%22%20viewBox%3D%220%200%20150%20150%22%3E%3C%2Fsvg%3E\" loading=\"eager\"><\/span><span class=\"fg-image-overlay\"><\/span><\/a><figcaption class=\"fg-caption\"><div class=\"fg-caption-inner\"><div class=\"fg-caption-title\">Dormitorio 3<\/div><\/div><\/figcaption><\/figure><div class=\"fg-loader\"><\/div><\/div><div class=\"fg-item fg-type-image fg-idle\"><figure class=\"fg-item-inner\"><a href=\"http:\/\/www.estudiorolla.com.ar\/wp-content\/uploads\/2020\/02\/Dormitorio-hijo-1.jpg\" data-caption-title=\"Dormitorio 3\" data-attachment-id=\"1722\" class=\"fg-thumb\"><span class=\"fg-image-wrap\"><img width=\"150\" height=\"150\" class=\"skip-lazy fg-image\" data-src-fg=\"http:\/\/www.estudiorolla.com.ar\/wp-content\/uploads\/cache\/2020\/02\/Dormitorio-hijo-1\/1953954168.jpg\" src=\"data:image\/svg+xml,%3Csvg%20xmlns%3D%22http%3A%2F%2Fwww.w3.org%2F2000%2Fsvg%22%20width%3D%22150%22%20height%3D%22150%22%20viewBox%3D%220%200%20150%20150%22%3E%3C%2Fsvg%3E\" loading=\"eager\"><\/span><span class=\"fg-image-overlay\"><\/span><\/a><figcaption class=\"fg-caption\"><div class=\"fg-caption-inner\"><div class=\"fg-caption-title\">Dormitorio 3<\/div><\/div><\/figcaption><\/figure><div class=\"fg-loader\"><\/div><\/div><\/div>\r\n\n<p><a href=\"http:\/\/www.estudiorolla.com.ar\/index.php\/remodelaciones\/\">\u00a0\u00a0\u00a0 <\/a><a href=\"http:\/\/www.estudiorolla.com.ar\/index.php\"><img decoding=\"async\" loading=\"lazy\" class=\"alignnone wp-image-199\" src=\"http:\/\/www.estudiorolla.com.ar\/wp-content\/uploads\/2016\/04\/Home-Web-150x150.png\" alt=\"Home Web\" width=\"40\" height=\"40\" \/><\/a><a href=\"http:\/\/www.estudiorolla.com.ar\/index.php\/remodelaciones\/\">\u00a0\u00a0\u00a0\u00a0\u00a0 <\/a><a href=\"http:\/\/www.estudiorolla.com.ar\/index.php\/decoraciones\/\"><img decoding=\"async\" loading=\"lazy\" class=\"alignnone wp-image-222\" src=\"http:\/\/www.estudiorolla.com.ar\/wp-content\/uploads\/2016\/04\/Arrow-Web-e1462464811387-150x150.png\" alt=\"Arrow Web\" width=\"40\" height=\"40\" \/><\/a><\/p>\n","protected":false},"excerpt":{"rendered":"<p>Memoria descriptiva Esta vivienda familiar, compuesta por una pareja con dos hijos menores, completamente amoblada necesitaba sectorizar algunos espacios para ganar intimidad. El hall de recepci\u00f3n estaba abierto directamente al comedor y al estar quit\u00e1ndoles privacidad, asique un mueble divisor de doble frente fue la soluci\u00f3n para ello. Adem\u00e1s se mejoraron los laterales del hogar&#8230;<\/p>\n","protected":false},"author":1,"featured_media":0,"parent":0,"menu_order":0,"comment_status":"closed","ping_status":"closed","template":"","meta":{"footnotes":""},"_links":{"self":[{"href":"http:\/\/www.estudiorolla.com.ar\/index.php\/wp-json\/wp\/v2\/pages\/1044"}],"collection":[{"href":"http:\/\/www.estudiorolla.com.ar\/index.php\/wp-json\/wp\/v2\/pages"}],"about":[{"href":"http:\/\/www.estudiorolla.com.ar\/index.php\/wp-json\/wp\/v2\/types\/page"}],"author":[{"embeddable":true,"href":"http:\/\/www.estudiorolla.com.ar\/index.php\/wp-json\/wp\/v2\/users\/1"}],"replies":[{"embeddable":true,"href":"http:\/\/www.estudiorolla.com.ar\/index.php\/wp-json\/wp\/v2\/comments?post=1044"}],"version-history":[{"count":5,"href":"http:\/\/www.estudiorolla.com.ar\/index.php\/wp-json\/wp\/v2\/pages\/1044\/revisions"}],"predecessor-version":[{"id":1872,"href":"http:\/\/www.estudiorolla.com.ar\/index.php\/wp-json\/wp\/v2\/pages\/1044\/revisions\/1872"}],"wp:attachment":[{"href":"http:\/\/www.estudiorolla.com.ar\/index.php\/wp-json\/wp\/v2\/media?parent=1044"}],"curies":[{"name":"wp","href":"https:\/\/api.w.org\/{rel}","templated":true}]}}